{"id":44844,"date":"2025-05-05T11:48:37","date_gmt":"2025-05-05T15:48:37","guid":{"rendered":"https:\/\/migoodfoodfund.org\/?page_id=44844"},"modified":"2025-05-05T11:49:14","modified_gmt":"2025-05-05T15:49:14","slug":"signup-entrepreneurs","status":"publish","type":"page","link":"https:\/\/migoodfoodfund.org\/es\/signup-entrepreneurs\/","title":{"rendered":"Signup &#8211; Lead Gen"},"content":{"rendered":"<h2>\n\t\tSupport for MIchigan&#8217;s Food &#038; Farm Businesses\n\t<\/h2>\n\t<p>Join Michigan Good Food Fund for access to flexible funding and tailored business assistance for entrepreneurs like you.<\/p>\n      <link href=\"\/\/cdn-images.mailchimp.com\/embedcode\/classic-061523.css\" rel=\"stylesheet\" type=\"text\/css\"\/>\n  <style type=\"text\/css\">\n        #mc_embed_signup{background:#fff; false;clear:left; font:14px Helvetica,Arial,sans-serif; width: 600px;}\n        \/* Add your own Mailchimp form style overrides in your site stylesheet or in this style block.\n           We recommend moving this block and the preceding CSS link to the HEAD of your HTML file. *\/\n<\/style>\n    <form action=\"https:\/\/MIGoodFoodFund.us10.list-manage.com\/subscribe\/post?u=760b6e038056c3f399b631f13&amp;id=71c1f25bee&amp;f_id=009b54e4f0\" method=\"post\" id=\"mc-embedded-subscribe-form\" name=\"mc-embedded-subscribe-form\" target=\"_blank\">\n        \n            * indica que es necesario\n            <label for=\"mce-EMAIL\">Direcci\u00f3n de correo electr\u00f3nico<\/label><input type=\"email\" name=\"EMAIL\" id=\"mce-EMAIL\" required=\"\" value=\"\"\/><label for=\"mce-FNAME\">Nombre <\/label><input type=\"text\" name=\"FNAME\" id=\"mce-FNAME\" value=\"\"\/><label for=\"mce-LNAME\">Apellido <\/label><input type=\"text\" name=\"LNAME\" id=\"mce-LNAME\" value=\"\"\/><label for=\"mce-MMERGE3\">C\u00f3digo postal <\/label><input type=\"zip\" name=\"MMERGE3\" id=\"mce-MMERGE3\" value=\"\"\/><label for=\"mce-MMERGE5\">Nombre comercial <\/label><input type=\"text\" name=\"MMERGE5\" id=\"mce-MMERGE5\" value=\"\"\/>\n<input type=\"hidden\" name=\"tags\" value=\"14567062,14567157,14567161\"\/>\n        <input type=\"text\" name=\"b_760b6e038056c3f399b631f13_71c1f25bee\" tabindex=\"-1\" value=\"\"\/><input type=\"submit\" name=\"subscribe\" id=\"mc-embedded-subscribe\" value=\"Suscr\u00edbase a\"\/>\n<\/form>\n\t\t\t\t<img decoding=\"async\" src=\"https:\/\/migoodfoodfund.org\/wp-content\/uploads\/lines-graphic-group.svg\" alt=\"l\u00edneas-grupo-gr\u00e1fico\" itemprop=\"image\" title=\"l\u00edneas-grupo-gr\u00e1fico\" onerror=\"this.style.display='none'\"  \/>\n<h2>\n\t\tPor qu\u00e9 destaca nuestra financiaci\u00f3n\n\t<\/h2>\n\t\t\t\t<img decoding=\"async\" src=\"https:\/\/migoodfoodfund.org\/wp-content\/uploads\/We-See-Your-Potential.svg\" alt=\"Vemos su potencial\" itemprop=\"image\" title=\"Vemos su potencial\" onerror=\"this.style.display='none'\"  \/>\n<h3>\n\t\tVemos su potencial\n\t<\/h3>\n\t<p>Ofrecemos un enfoque equitativo de los pr\u00e9stamos, apoyando a los empresarios alimentarios y agr\u00edcolas en su camino hacia el \u00e9xito, incluidos aquellos que a\u00fan no pueden optar a la financiaci\u00f3n tradicional.<\/p>\n\t\t\t\t<img decoding=\"async\" src=\"https:\/\/migoodfoodfund.org\/wp-content\/uploads\/Weve-Stood-In-Your-Shoes.svg\" alt=\"Nos hemos puesto en sus zapatos\" itemprop=\"image\" title=\"Nos hemos puesto en sus zapatos\" onerror=\"this.style.display='none'\"  \/>\n<h3>\n\t\tNos hemos puesto en tu lugar\n\t<\/h3>\n\t<p>Con nuestras ra\u00edces en Michigan y nuestras profundas conexiones comunitarias en la industria alimentaria y agr\u00edcola, entendemos los retos a los que se enfrentan los emprendedores como usted. Nuestra experiencia nos permite ofrecer apoyo all\u00ed donde los prestamistas tradicionales no llegan.<\/p>\n\t\t\t\t<img decoding=\"async\" src=\"https:\/\/migoodfoodfund.org\/wp-content\/uploads\/We-Meet-You-Where-You-Are.svg\" alt=\"Quedamos con usted donde est\u00e9\" itemprop=\"image\" title=\"Quedamos con usted donde est\u00e9\" onerror=\"this.style.display='none'\"  \/>\n<h3>\n\t\tNos reunimos con usted donde est\u00e9\n\t<\/h3>\n\t<p>Entendemos que no hay dos empresarios iguales, por lo que adaptamos nuestras opciones de financiaci\u00f3n para garantizar que se ajustan a las necesidades \u00fanicas y a los objetivos espec\u00edficos de su empresa.<\/p>\n<h2>\n\t\tCompruebe su admisibilidad\n\t<\/h2>\n\t<p>Trabajamos con empresas de toda la cadena de valor alimentaria, desde productores hasta restauradores. Explora los criterios para ver si eres elegible.<\/p>\n\t\t<nav>\n\t\t\t<ul>\n\t\t\t\t\t\t\t\t<li data-index=\"0\" tabindex=\"0\">\n\t\t\t\t\t<h3>\n\t\t\t\t\t\t<a href=\"javascript:void(0);\" tabindex=\"-1\">\u00bfEs usted una empresa agroalimentaria de Michigan?\n\t\t\t\t\t\t\t\t\t\t\t\t<\/a>\n\t\t\t\t\t<\/h3>\n\t\t\t\t<\/li>\n\t\t\t\t\t\t\t\t<li data-index=\"1\" tabindex=\"0\">\n\t\t\t\t\t<h3>\n\t\t\t\t\t\t<a href=\"javascript:void(0);\" tabindex=\"-1\">\u00bfEst\u00e1 su empresa preparada para recibir asistencia?\n\t\t\t\t\t\t\t\t\t\t\t\t<\/a>\n\t\t\t\t\t<\/h3>\n\t\t\t\t<\/li>\n\t\t\t\t\t\t\t\t<li data-index=\"2\" tabindex=\"0\">\n\t\t\t\t\t<h3>\n\t\t\t\t\t\t<a href=\"javascript:void(0);\" tabindex=\"-1\">\u00bfTiene su empresa un impacto local?\n\t\t\t\t\t\t\t\t\t\t\t\t<\/a>\n\t\t\t\t\t<\/h3>\n\t\t\t\t<\/li>\n\t\t\t\t\t\t\t<\/ul>\n\t\t<\/nav>\n\t\t\t\t\t<p>Apoyamos a una amplia gama de empresas de todo el Estado y de la cadena de valor alimentaria. Hacemos hincapi\u00e9 en apoyar a las empresas alimentarias y agr\u00edcolas que son propiedad de mujeres, representan a comunidades marginadas por motivos de raza, etnia o g\u00e9nero, o prestan servicio a comunidades con escasos recursos.<\/p>\n<p>Apoyamos:<\/p>\n<ul>\n<li>Cultivadores<\/li>\n<li>Infraestructura<\/li>\n<li>Agregadores\/Distribuidores<\/li>\n<li>Fabricantes de productos y productores de valor a\u00f1adido<\/li>\n<li>Minoristas de alimentaci\u00f3n<\/li>\n<li>Proveedores de servicios alimentarios<\/li>\n<\/ul>\n\t\t\t\t\t<p>Ofrecemos apoyo a las empresas alimentarias y agr\u00edcolas que se esfuerzan por superar obst\u00e1culos o expandirse, en particular las que mejoran el acceso a alimentos culturalmente relevantes, crean empleo y fortalecen las econom\u00edas locales. Para poder optar a la ayuda, su empresa debe:<\/p>\n<ul>\n<li>Estar constituido en sociedad en Michigan<\/li>\n<li>Llevar al menos un a\u00f1o en funcionamiento<\/li>\n<li>Mostrar potencial de rentabilidad en el pr\u00f3ximo a\u00f1o<\/li>\n<li>Buscar financiaci\u00f3n entre $2.500 y $6 millones<\/li>\n<li>Cumplir nuestros requisitos en materia de garant\u00edas, contar con un s\u00f3lido equipo de gesti\u00f3n y presentar proyecciones financieras a dos a\u00f1os.<\/li>\n<\/ul>\n\t\t\t\t\t<p>Buscamos empresas que tengan un impacto significativo y positivo en sus comunidades. Nuestra evaluaci\u00f3n se centra en:<\/p>\n<ul>\n<li>Crecimiento econ\u00f3mico local: \u00bfApoya su empresa a la econom\u00eda local ofreciendo puestos de trabajo con salarios justos y oportunidades de ascenso, especialmente en zonas con pocos recursos?<\/li>\n<li>Apoyo a los productos locales: \u00bfDefiende los productos locales y apoya a los agricultores y empresas de Michigan?<\/li>\n<li>Equidad racial y social: \u00bfSu empresa promueve la igualdad racial y social? \u00bfEs su empresa propiedad de mujeres o personas de color, apoya a empleados con bajos ingresos u ofrece alimentos culturalmente relevantes?<\/li>\n<li>Gesti\u00f3n medioambiental: \u00bfEst\u00e1s comprometido con la resistencia medioambiental eligiendo productos ecol\u00f3gicos, cultivados de forma sostenible, o minimizando los residuos de alimentos o envases, y cuidando nuestras tierras de Michigan?<\/li>\n<\/ul>\n\t\t\t\t\t<!-- \/content -->\n\t<!-- \/tabs -->\n\t\u00bfListo para dar el siguiente paso hacia la financiaci\u00f3n? Ponte en contacto hoy mismo.\u00a0<br \/>\n\n\t\t\t<a href=\"\/es\/apoyo-a-los-empresarios\/aplicar\/#start\" target=\"_self\">\n\t\t\t\t\t\t\tInicie su consulta\n\t\t\t\t\t<\/a>\n\t<p>Si ya ha rellenado un formulario y necesita ponerse en contacto de nuevo, env\u00edenos una nota a <a href=\"mailto:info@migoodfoodfund.org\">info@migoodfoodfund.org<\/a>.<\/p>\n<h2>\n\t\tLoan details and Terms\n\t<\/h2>\n\t<p>Lorem ipsum dolor sit amet, consectetur adipiscing elit, sed do eiusmod tempor incididunt ut labore et dolore magna aliqua.<\/p>\n\t<p>Financiaci\u00f3n a peque\u00f1a escala<\/p>\n\t<p>Financiaci\u00f3n a gran escala<\/p>\n\t<p>Loan Size<\/p>\n\t<p><strong>$2.500 a $250.000<\/strong><\/p>\n\t<p><strong>$250.000 a $6.000.000<\/strong><\/p>\n\tTipos de inter\u00e9s<br \/>\nRate based on risk and use of funds. Rate resets may apply.\n\t<p><strong>6.75 &#8211; 8%<\/strong><\/p>\n\t<p><strong>5 &#8211; 6.5%<\/strong><\/p>\n\t<p>Tasas<\/p>\n\t<p><strong>2% Comisi\u00f3n de apertura<\/strong><\/p>\n\t<p><strong>1,25% Comisi\u00f3n de apertura<\/strong><\/p>\n\t<p>Plazo<\/p>\n\t<p><strong>Hasta 10 a\u00f1os<\/strong><\/p>\n\t<p><strong>Hasta 10 a\u00f1os<\/strong><\/p>\n\t<p>Payments<\/p>\n\t<p><strong>Terms and payment schedules based on project needs and <\/strong><strong>loan type<\/strong><\/p>\n\t<p>Colateral<\/p>\n\t<p><strong>Garant\u00edas en forma de activos empresariales y\/o personales, <\/strong><strong>garant\u00edas corporativas y\/o personales<\/strong><\/p>\n\t<p>Repayment Period<\/p>\n\t<p><strong>Lorem ipsum dolor sit amet, consectetur adipiscing elit, sed do eiusmod tempor incididunt ut labore et dolore magna aliqua.<\/strong><\/p>\n\t<p>Lorem ipsum dolor sit amet, consectetur adipiscing elit, sed do eiusmod tempor incididunt ut labore et dolore magna aliqua.<\/p>\n<h2>\n\t\tPREGUNTAS FRECUENTES\n\t<\/h2>\n\t\t\t\t\t\t\t\t\t\t<h3>\u00bfQui\u00e9n puede solicitar financiaci\u00f3n?<\/h3>\n\t\t\t\t\t\t\t\t\t\t\t\t\t\t<h3><i>Ampliar<\/i><\/h3>\n\t\t<p>El Michigan Good Food Fund trabaja con empresas alimentarias y agr\u00edcolas de toda la cadena de valor alimentaria de nuestro estado, desde los cultivadores hasta los minoristas de alimentos, pasando por todos los intermediarios.<\/p>\n<p>Si est\u00e1s trabajando con una idea improvisada, lo m\u00e1s probable es que a\u00fan no est\u00e9s preparado para nuestra financiaci\u00f3n. Aunque la mayor\u00eda de los emprendedores a los que apoyamos llevan funcionando al menos un a\u00f1o, a veces trabajamos con empresas en fases iniciales dirigidas por empresarios con experiencia en el sector o emprendedores que han aportado sus propios fondos al presupuesto inicial.<\/p>\n<p>Visite nuestro <a href=\"#eligibility\">p\u00e1gina de financiaci\u00f3n<\/a> para m\u00e1s informaci\u00f3n sobre los tipos de empresas que apoyamos.<\/p>\n\t\t\t\t\t\t\t\t\t\t<h3>\u00bfQu\u00e9 tipos de financiaci\u00f3n existen?<\/h3>\n\t\t\t\t\t\t\t\t\t\t\t\t\t\t<h3><i>Ampliar<\/i><\/h3>\n\t\t<p>Proporcionamos capital flexible y paciente estructurado para satisfacer sus necesidades. Nuestros pr\u00e9stamos oscilan entre $2.500 y $6 millones.<\/p>\n<p>Los usos de los pr\u00e9stamos incluyen capital circulante, inventor, compra de equipos, adquisici\u00f3n de bienes inmuebles, mejoras y ampliaci\u00f3n de propiedades, actualizaci\u00f3n de procesos empresariales, etc.<\/p>\n<p>V\u00e9ase <a href=\"#loans\">ejemplo de plazo detalles<\/a> para m\u00e1s informaci\u00f3n.<\/p>\n\t\t\t\t\t\t\t\t\t\t<h3>\u00bfCu\u00e1nto dura el proceso de solicitud?<\/h3>\n\t\t\t\t\t\t\t\t\t\t\t\t\t\t<h3><i>Ampliar<\/i><\/h3>\n\t\t<p>Cada solicitud se somete a un exhaustivo proceso de revisi\u00f3n por parte de un comit\u00e9, que abarca desde la selecci\u00f3n inicial hasta la financiaci\u00f3n final. El proceso suele durar entre varias semanas y cuatro meses.   <\/p>\n<p>Una vez aprobado, procederemos a ejecutar el contrato de pr\u00e9stamo y a desembolsar los fondos. Nuestro equipo seguir\u00e1 actuando como socio, proporcionando apoyo continuo para el futuro crecimiento y progreso del negocio.<\/p>\n\t\t\t\t\t\t\t\t\t\t<h3>\u00bfHay subvenciones disponibles?<\/h3>\n\t\t\t\t\t\t\t\t\t\t\t\t\t\t<h3><i>Ampliar<\/i><\/h3>\n\t\t<p>Ocasionalmente, se dispone de fondos de subvenci\u00f3n limitados para ayudar a preparar a las empresas para la financiaci\u00f3n. Las empresas que cumplan los requisitos pueden recibir subvenciones para asistencia t\u00e9cnica, especialmente en gesti\u00f3n financiera, destinada a reforzar sus solicitudes de pr\u00e9stamo.<\/p>\n<h2>\n\t\tD\u00e9 el primer paso \n\t<\/h2>\n\t<p>Inicie hoy mismo su camino hacia la financiaci\u00f3n flexible y la asistencia empresarial a medida.<\/p>\n\t\t\t<a href=\"\/es\/apoyo-a-los-empresarios\/aplicar\/#start\" target=\"_self\">\n\t\t\t\t\t\t\tComenzar\n\t\t\t\t\t<\/a>\n\t<p>La empresa Mushroom Angel envasa hamburguesas Cruz en Detroit, Michigan.<\/p>","protected":false},"excerpt":{"rendered":"<p>Support for MIchigan&#8217;s Food &#038; Farm Businesses Join Michigan Good Food Fund for access to flexible funding and tailored business assistance for entrepreneurs like you. * indicates required Email Address&hellip;<\/p>","protected":false},"author":9,"featured_media":43618,"parent":0,"menu_order":0,"comment_status":"closed","ping_status":"closed","template":"","meta":{"_acf_changed":false,"inline_featured_image":false,"_price":"","_stock":"","_tribe_ticket_header":"","_tribe_default_ticket_provider":"","_tribe_ticket_capacity":"0","_ticket_start_date":"","_ticket_end_date":"","_tribe_ticket_show_description":"","_tribe_ticket_show_not_going":false,"_tribe_ticket_use_global_stock":"","_tribe_ticket_global_stock_level":"","_global_stock_mode":"","_global_stock_cap":"","_tribe_rsvp_for_event":"","_tribe_ticket_going_count":"","_tribe_ticket_not_going_count":"","_tribe_tickets_list":"[]","_tribe_ticket_has_attendee_info_fields":false,"footnotes":"","_tec_slr_enabled":"","_tec_slr_layout":""},"class_list":["post-44844","page","type-page","status-publish","has-post-thumbnail","hentry"],"acf":[],"yoast_head":"<!-- This site is optimized with the Yoast SEO plugin v27.6 - https:\/\/yoast.com\/product\/yoast-seo-wordpress\/ -->\n<title>Signup - Lead Gen - Michigan Good Food Fund<\/title>\n<meta name=\"description\" content=\"Your privacy is important to us.\" \/>\n<meta name=\"robots\" content=\"index, follow, max-snippet:-1, max-image-preview:large, max-video-preview:-1\" \/>\n<link rel=\"canonical\" href=\"https:\/\/migoodfoodfund.org\/es\/signup-entrepreneurs\/\" \/>\n<meta property=\"og:locale\" content=\"es_MX\" \/>\n<meta property=\"og:type\" content=\"article\" \/>\n<meta property=\"og:title\" content=\"Signup - Lead Gen - Michigan Good Food Fund\" \/>\n<meta property=\"og:description\" content=\"Your privacy is important to us.\" \/>\n<meta property=\"og:url\" content=\"https:\/\/migoodfoodfund.org\/es\/signup-entrepreneurs\/\" \/>\n<meta property=\"og:site_name\" content=\"Michigan Good Food Fund\" \/>\n<meta property=\"article:modified_time\" content=\"2025-05-05T15:49:14+00:00\" \/>\n<meta property=\"og:image\" content=\"https:\/\/migoodfoodfund.org\/wp-content\/uploads\/mgff-feature-image.jpg\" \/>\n\t<meta property=\"og:image:width\" content=\"1393\" \/>\n\t<meta property=\"og:image:height\" content=\"956\" \/>\n\t<meta property=\"og:image:type\" content=\"image\/jpeg\" \/>\n<meta name=\"twitter:card\" content=\"summary_large_image\" \/>\n<meta name=\"twitter:label1\" content=\"Tiempo de lectura\" \/>\n\t<meta name=\"twitter:data1\" content=\"5 minutos\" \/>\n<script type=\"application\/ld+json\" class=\"yoast-schema-graph\">{\"@context\":\"https:\\\/\\\/schema.org\",\"@graph\":[{\"@type\":\"WebPage\",\"@id\":\"https:\\\/\\\/migoodfoodfund.org\\\/signup-entrepreneurs\\\/\",\"url\":\"https:\\\/\\\/migoodfoodfund.org\\\/signup-entrepreneurs\\\/\",\"name\":\"Signup - Lead Gen - Michigan Good Food Fund\",\"isPartOf\":{\"@id\":\"https:\\\/\\\/migoodfoodfund.org\\\/#website\"},\"primaryImageOfPage\":{\"@id\":\"https:\\\/\\\/migoodfoodfund.org\\\/signup-entrepreneurs\\\/#primaryimage\"},\"image\":{\"@id\":\"https:\\\/\\\/migoodfoodfund.org\\\/signup-entrepreneurs\\\/#primaryimage\"},\"thumbnailUrl\":\"https:\\\/\\\/migoodfoodfund.org\\\/wp-content\\\/uploads\\\/mgff-feature-image.jpg\",\"datePublished\":\"2025-05-05T15:48:37+00:00\",\"dateModified\":\"2025-05-05T15:49:14+00:00\",\"description\":\"Your privacy is important to us.\",\"breadcrumb\":{\"@id\":\"https:\\\/\\\/migoodfoodfund.org\\\/signup-entrepreneurs\\\/#breadcrumb\"},\"inLanguage\":\"es-MX\",\"potentialAction\":[{\"@type\":\"ReadAction\",\"target\":[\"https:\\\/\\\/migoodfoodfund.org\\\/signup-entrepreneurs\\\/\"]}]},{\"@type\":\"ImageObject\",\"inLanguage\":\"es-MX\",\"@id\":\"https:\\\/\\\/migoodfoodfund.org\\\/signup-entrepreneurs\\\/#primaryimage\",\"url\":\"https:\\\/\\\/migoodfoodfund.org\\\/wp-content\\\/uploads\\\/mgff-feature-image.jpg\",\"contentUrl\":\"https:\\\/\\\/migoodfoodfund.org\\\/wp-content\\\/uploads\\\/mgff-feature-image.jpg\",\"width\":1393,\"height\":956},{\"@type\":\"BreadcrumbList\",\"@id\":\"https:\\\/\\\/migoodfoodfund.org\\\/signup-entrepreneurs\\\/#breadcrumb\",\"itemListElement\":[{\"@type\":\"ListItem\",\"position\":1,\"name\":\"Home\",\"item\":\"https:\\\/\\\/migoodfoodfund.org\\\/\"},{\"@type\":\"ListItem\",\"position\":2,\"name\":\"Signup &#8211; Lead Gen\"}]},{\"@type\":\"WebSite\",\"@id\":\"https:\\\/\\\/migoodfoodfund.org\\\/#website\",\"url\":\"https:\\\/\\\/migoodfoodfund.org\\\/\",\"name\":\"Michigan Good Food Fund\",\"description\":\"A Lending Network for Michigan\u2019s Farm and Food Entrepreneurs\",\"potentialAction\":[{\"@type\":\"SearchAction\",\"target\":{\"@type\":\"EntryPoint\",\"urlTemplate\":\"https:\\\/\\\/migoodfoodfund.org\\\/?s={search_term_string}\"},\"query-input\":{\"@type\":\"PropertyValueSpecification\",\"valueRequired\":true,\"valueName\":\"search_term_string\"}}],\"inLanguage\":\"es-MX\"}]}<\/script>\n<!-- \/ Yoast SEO plugin. -->","yoast_head_json":{"title":"Signup - Lead Gen - Michigan Good Food Fund","description":"Su privacidad es importante para nosotros.","robots":{"index":"index","follow":"follow","max-snippet":"max-snippet:-1","max-image-preview":"max-image-preview:large","max-video-preview":"max-video-preview:-1"},"canonical":"https:\/\/migoodfoodfund.org\/es\/signup-entrepreneurs\/","og_locale":"es_MX","og_type":"article","og_title":"Signup - Lead Gen - Michigan Good Food Fund","og_description":"Your privacy is important to us.","og_url":"https:\/\/migoodfoodfund.org\/es\/signup-entrepreneurs\/","og_site_name":"Michigan Good Food Fund","article_modified_time":"2025-05-05T15:49:14+00:00","og_image":[{"width":1393,"height":956,"url":"https:\/\/migoodfoodfund.org\/wp-content\/uploads\/mgff-feature-image.jpg","type":"image\/jpeg"}],"twitter_card":"summary_large_image","twitter_misc":{"Tiempo de lectura":"5 minutos"},"schema":{"@context":"https:\/\/schema.org","@graph":[{"@type":"WebPage","@id":"https:\/\/migoodfoodfund.org\/signup-entrepreneurs\/","url":"https:\/\/migoodfoodfund.org\/signup-entrepreneurs\/","name":"Signup - Lead Gen - Michigan Good Food Fund","isPartOf":{"@id":"https:\/\/migoodfoodfund.org\/#website"},"primaryImageOfPage":{"@id":"https:\/\/migoodfoodfund.org\/signup-entrepreneurs\/#primaryimage"},"image":{"@id":"https:\/\/migoodfoodfund.org\/signup-entrepreneurs\/#primaryimage"},"thumbnailUrl":"https:\/\/migoodfoodfund.org\/wp-content\/uploads\/mgff-feature-image.jpg","datePublished":"2025-05-05T15:48:37+00:00","dateModified":"2025-05-05T15:49:14+00:00","description":"Su privacidad es importante para nosotros.","breadcrumb":{"@id":"https:\/\/migoodfoodfund.org\/signup-entrepreneurs\/#breadcrumb"},"inLanguage":"es-MX","potentialAction":[{"@type":"ReadAction","target":["https:\/\/migoodfoodfund.org\/signup-entrepreneurs\/"]}]},{"@type":"ImageObject","inLanguage":"es-MX","@id":"https:\/\/migoodfoodfund.org\/signup-entrepreneurs\/#primaryimage","url":"https:\/\/migoodfoodfund.org\/wp-content\/uploads\/mgff-feature-image.jpg","contentUrl":"https:\/\/migoodfoodfund.org\/wp-content\/uploads\/mgff-feature-image.jpg","width":1393,"height":956},{"@type":"BreadcrumbList","@id":"https:\/\/migoodfoodfund.org\/signup-entrepreneurs\/#breadcrumb","itemListElement":[{"@type":"ListItem","position":1,"name":"Home","item":"https:\/\/migoodfoodfund.org\/"},{"@type":"ListItem","position":2,"name":"Signup &#8211; Lead Gen"}]},{"@type":"WebSite","@id":"https:\/\/migoodfoodfund.org\/#website","url":"https:\/\/migoodfoodfund.org\/","name":"Fondo Michigan Good Food","description":"Una red de pr\u00e9stamos para los empresarios agr\u00edcolas y alimentarios de Michigan","potentialAction":[{"@type":"SearchAction","target":{"@type":"EntryPoint","urlTemplate":"https:\/\/migoodfoodfund.org\/?s={search_term_string}"},"query-input":{"@type":"PropertyValueSpecification","valueRequired":true,"valueName":"search_term_string"}}],"inLanguage":"es-MX"}]}},"ticketed":false,"_links":{"self":[{"href":"https:\/\/migoodfoodfund.org\/es\/wp-json\/wp\/v2\/pages\/44844","targetHints":{"allow":["GET"]}}],"collection":[{"href":"https:\/\/migoodfoodfund.org\/es\/wp-json\/wp\/v2\/pages"}],"about":[{"href":"https:\/\/migoodfoodfund.org\/es\/wp-json\/wp\/v2\/types\/page"}],"author":[{"embeddable":true,"href":"https:\/\/migoodfoodfund.org\/es\/wp-json\/wp\/v2\/users\/9"}],"replies":[{"embeddable":true,"href":"https:\/\/migoodfoodfund.org\/es\/wp-json\/wp\/v2\/comments?post=44844"}],"version-history":[{"count":0,"href":"https:\/\/migoodfoodfund.org\/es\/wp-json\/wp\/v2\/pages\/44844\/revisions"}],"wp:featuredmedia":[{"embeddable":true,"href":"https:\/\/migoodfoodfund.org\/es\/wp-json\/wp\/v2\/media\/43618"}],"wp:attachment":[{"href":"https:\/\/migoodfoodfund.org\/es\/wp-json\/wp\/v2\/media?parent=44844"}],"curies":[{"name":"wp","href":"https:\/\/api.w.org\/{rel}","templated":true}]}}