{"id":44727,"date":"2025-02-24T22:05:20","date_gmt":"2025-02-25T03:05:20","guid":{"rendered":"https:\/\/migoodfoodfund.org\/?page_id=44727"},"modified":"2025-05-07T15:56:50","modified_gmt":"2025-05-07T19:56:50","slug":"pitch-event","status":"publish","type":"page","link":"https:\/\/migoodfoodfund.org\/es\/pitch-event\/","title":{"rendered":"Evento de presentaci\u00f3n de empresas del Michigan Good Food Fund"},"content":{"rendered":"<img decoding=\"async\" src=\"https:\/\/migoodfoodfund.org\/wp-content\/uploads\/Pitch-Competion-Mel-Hill-18.jpg\" alt=\"Concurso de lanzamiento Mel Hill 18\" itemprop=\"image\" title=\"Concurso de lanzamiento Mel Hill 18\" onerror=\"this.style.display='none'\"  \/>\n<h1>\n\t\tEVENTO DE PRESENTACI\u00d3N DE EMPRESAS DEL FONDO MICHIGAN GOOD FOOD\n\t<\/h1>\n\t<p>Our annual pitch event, part of Michigan State University Product Center&#8217;s Making it in Michigan conference and trade show.<\/p>\n\t\t\t<a href=\"https:\/\/migoodfoodfund.org\/es\/pitch-event\/#finalists\" target=\"_self\">\n\t\t\t\t\t\t\tConozca a los ganadores de 2025\n\t\t\t\t\t<\/a>\n\t\t\t\t<img decoding=\"async\" src=\"https:\/\/migoodfoodfund.org\/wp-content\/uploads\/leaf-graphic-blue.svg\" alt=\"hoja-gr\u00e1fica-azul\" itemprop=\"image\" title=\"hoja-gr\u00e1fica-azul\" onerror=\"this.style.display='none'\"  \/>\n\t\t\t<a href=\"#\" target=\"_self\" rel=\"nofollow\">\n\t\t\t\t\t\t\tEN ESTA P\u00c1GINA\n\t\t\t\t\t<\/a>\n\t\t\t<a href=\"#attend\" target=\"_self\">\n\t\t\t\t\t\t\tInscr\u00edbase para asistir\n\t\t\t\t\t<\/a>\n\t\t\t<a href=\"#FAW\" target=\"_self\">\n\t\t\t\t\t\t\tPREGUNTAS FRECUENTES\n\t\t\t\t\t<\/a>\n\t<p>Michigan Good Food Fund&#8217;s annual Business Pitch Event puts the spotlight on local businesses that help build healthier communities and contribute to a more connected, equitable, and sustainable food economy.<\/p>\n<p>The live pitch event took place on May 6, 2025, and featured three food businesses presenting in front of a live audience and panel of judges. This was the kickoff event for the 2025 MSU Product Center&#8217;s Making it in Michigan, a premier food product conference and tradeshow with meet-the-buyers opportunities for local food entrepreneurs.<\/p>\n\t\t\t\t<img decoding=\"async\" src=\"https:\/\/migoodfoodfund.org\/wp-content\/uploads\/Pitch-Competion-Mel-Hill-13.jpg\" alt=\"Concurso de lanzamiento Mel Hill 13\" itemprop=\"image\" title=\"Concurso de lanzamiento Mel Hill 13\" onerror=\"this.style.display='none'\"  \/>\n<h2>\n\t\tConozca a los ganadores de 2025\n\t<\/h2>\n\t<p>Conozca a los incre\u00edbles empresarios del sector alimentario que participaron en el concurso de presentaci\u00f3n de empresas 2025 Michigan Good Food Fund.<\/p>\n\t<p><em>Estos premios est\u00e1n patrocinados por socios del Michigan Good Food Fund, <a href=\"https:\/\/laketrust.org\/\">Cooperativa de cr\u00e9dito Lake Trust<\/a> y el <a href=\"https:\/\/fairfoodnetwork.org\/\">Red de Alimentos Justos<\/a>.<\/em><\/p>\n\t\t\t\t<img decoding=\"async\" src=\"https:\/\/migoodfoodfund.org\/wp-content\/uploads\/Business-Pitch-Event-Wani-Cakes.jpg\" alt=\"Evento de presentaci\u00f3n de empresas - Wani Cakes\" itemprop=\"image\" title=\"Evento de presentaci\u00f3n de empresas - Wani Cakes\" onerror=\"this.style.display='none'\"  \/>\n\t<strong><a href=\"https:\/\/migoodfoodfund.org\/es\/historia-de-impacto\/5-minutos-con-pasteles-wani\/\">Bola Okpue<\/a><br \/>\n<\/strong><strong>Wani Cakes en Detroit<br \/>\n<\/strong>Ganador del primer puesto: $5,000\n\t\t\t\t<img decoding=\"async\" src=\"https:\/\/migoodfoodfund.org\/wp-content\/uploads\/Business-Pitch-Event-PawPaws-Pickles.jpg\" alt=\"Evento de presentaci\u00f3n de empresas - PawPaw&#039;s Pickles\" itemprop=\"image\" title=\"Evento de presentaci\u00f3n de empresas - PawPaw&#039;s Pickles\" onerror=\"this.style.display='none'\"  \/>\n\t<strong><a href=\"https:\/\/migoodfoodfund.org\/es\/historia-de-impacto\/5-minutos-pepinillos-paw-paw\/\">Cynthia Hines<\/a><br \/>\nPawPaw&#8217;s Pickles in Flint<br \/>\n<\/strong>Ganador del segundo puesto: $3,000\n\t\t\t\t<img decoding=\"async\" src=\"https:\/\/migoodfoodfund.org\/wp-content\/uploads\/Business-Pitch-Event-I-Love-Pig.jpg\" alt=\"Evento de presentaci\u00f3n de empresas - I Love Pig\" itemprop=\"image\" title=\"Evento de presentaci\u00f3n de empresas - I Love Pig\" onerror=\"this.style.display='none'\"  \/>\n\t<strong><a href=\"https:\/\/migoodfoodfund.org\/es\/historia-de-impacto\/5-minutos-con-i-love-pig\/\" target=\"_blank\" rel=\"noreferrer noopener\">Maritant Pe\u00f1a y Aliz Mendoza<\/a><br \/>\nI Love Pig en Flint<br \/>\n<\/strong>Tercer clasificado: $2,000<strong><br \/>\n<\/strong>\n\t\t\t\t<img decoding=\"async\" src=\"https:\/\/migoodfoodfund.org\/wp-content\/uploads\/Pitch-Competion-Mel-Hill-15-e1740452198953.jpg\" alt=\"Concurso de lanzamiento Mel Hill 15\" itemprop=\"image\" title=\"Concurso de lanzamiento Mel Hill 15\" onerror=\"this.style.display='none'\"  \/>\n<h2>\n\t\tPreguntas frecuentes\n\t<\/h2>\n\t<p><strong>\u00bfQu\u00e9 es un lanzamiento?<\/strong><\/p>\n<p>Un pitch es como un anuncio publicitario en el que compartes tu plan de negocio en 30-90 segundos. Para tener \u00e9xito, es fundamental compartir eficazmente su estrategia empresarial. Hablar con un comprador, un inversor o un gestor de pr\u00e9stamos requiere que compartas los detalles de tu negocio de forma resumida. <a href=\"https:\/\/migoodfoodfund.org\/es\/lo-ultimo\/consejos-para-lanzar-un-negocio\/\" target=\"_blank\" rel=\"noopener\">Visite nuestro blog<\/a> sobre c\u00f3mo crear el discurso empresarial perfecto.<\/p>\n<p><strong>\u00bfNo sabe si cumple los requisitos?<\/strong><\/p>\n<p>\u00bfAyuda su empresa a llevar alimentos sanos a nuestras comunidades? \u00bfSu empresa est\u00e1 dirigida por mujeres o personas de color? \u00bfUtiliza ingredientes locales en sus productos, envases compostables o pr\u00e1cticas agr\u00edcolas sin productos qu\u00edmicos? Si ha respondido afirmativamente a la mayor\u00eda de las preguntas, nos encantar\u00eda escuchar su propuesta.<\/p>\n<p><strong>What&#8217;s the prize?<\/strong><\/p>\n<p>Se elegir\u00e1n tres empresas para la sesi\u00f3n de presentaci\u00f3n del 6 de mayo. El ganador del primer premio recibir\u00e1 $5.000, el ganador del segundo premio recibir\u00e1 $3.000 y el ganador del tercer premio recibir\u00e1 $2.000. Los ganadores se anunciar\u00e1n en directo.<\/p>\n<p><strong>M\u00e1s informaci\u00f3n: <\/strong><a href=\"https:\/\/events.anr.msu.edu\/MGFFpitch2025MIIM\/\">Visite la p\u00e1gina de solicitud<\/a> para obtener consejos y conocer las normas y directrices de la competici\u00f3n.<\/p>\n<h2>\n\t\tExplore otros servicios del Michigan Good Food Fund\n\t<\/h2>\n\t\t\t\t<img decoding=\"async\" src=\"https:\/\/migoodfoodfund.org\/wp-content\/uploads\/Help-With-Finance.svg\" alt=\"Ayuda financiera\" itemprop=\"image\" title=\"Ayuda financiera\" onerror=\"this.style.display='none'\"  \/>\n<h3>\n\t\tFinanciaci\u00f3n flexible\n\t<\/h3>\n\t<p>Acceda a pr\u00e9stamos flexibles y adaptados a los pacientes para empresas alimentarias y agr\u00edcolas de cualquier tama\u00f1o.<\/p>\n\t\t\t<a href=\"https:\/\/migoodfoodfund.org\/es\/apoyo-a-los-empresarios\/formacion\/\" target=\"_self\">\n\t\t\t\t\t\t\tInicie su aprendizaje\n\t\t\t\t\t<\/a>\n\t\t\t\t<img decoding=\"async\" src=\"https:\/\/migoodfoodfund.org\/wp-content\/uploads\/icon_ph2.svg\" alt=\"icono_ph2\" itemprop=\"image\" title=\"icono_ph2\" onerror=\"this.style.display='none'\"  \/>\n<h3>\n\t\tRecursos empresariales \n\t<\/h3>\n\t<p>Acceda a recursos a la carta dise\u00f1ados para ayudarle a tener \u00e9xito en cada etapa.<\/p>\n\t\t\t<a href=\"https:\/\/migoodfoodfund.org\/es\/recursos\/\" target=\"_self\">\n\t\t\t\t\t\t\tExplore lo \u00faltimo\n\t\t\t\t\t<\/a>\n\t\t\t\t<img decoding=\"async\" src=\"https:\/\/migoodfoodfund.org\/wp-content\/uploads\/Join-Food-Industry-Gatherings.svg\" alt=\"\u00danase a las reuniones de la industria alimentaria\" itemprop=\"image\" title=\"\u00danase a las reuniones de la industria alimentaria\" onerror=\"this.style.display='none'\"  \/>\n<h3>\n\t\tFormaci\u00f3n y talleres\n\t<\/h3>\n\t<p>Ampl\u00ede sus conocimientos con formaciones dise\u00f1adas espec\u00edficamente para empresas agroalimentarias.<\/p>\n\t\t\t<a href=\"https:\/\/migoodfoodfund.org\/es\/apoyo-a-los-empresarios\/formacion\/\" target=\"_self\">\n\t\t\t\t\t\t\tInicie su aprendizaje\n\t\t\t\t\t<\/a>","protected":false},"excerpt":{"rendered":"<p>MICHIGAN GOOD FOOD FUND BUSINESS PITCH EVENT Our annual pitch event, part of Michigan State University Product Center&#8217;s Making it in Michigan conference and trade show. Meet the 2025 Winners&hellip;<\/p>","protected":false},"author":9,"featured_media":44743,"parent":0,"menu_order":0,"comment_status":"closed","ping_status":"closed","template":"","meta":{"_acf_changed":false,"inline_featured_image":false,"_price":"","_stock":"","_tribe_ticket_header":"","_tribe_default_ticket_provider":"","_tribe_ticket_capacity":"0","_ticket_start_date":"","_ticket_end_date":"","_tribe_ticket_show_description":"","_tribe_ticket_show_not_going":false,"_tribe_ticket_use_global_stock":"","_tribe_ticket_global_stock_level":"","_global_stock_mode":"","_global_stock_cap":"","_tribe_rsvp_for_event":"","_tribe_ticket_going_count":"","_tribe_ticket_not_going_count":"","_tribe_tickets_list":"[]","_tribe_ticket_has_attendee_info_fields":false,"footnotes":"","_tec_slr_enabled":"","_tec_slr_layout":""},"class_list":["post-44727","page","type-page","status-publish","has-post-thumbnail","hentry"],"acf":[],"yoast_head":"<!-- This site is optimized with the Yoast SEO plugin v27.4 - https:\/\/yoast.com\/product\/yoast-seo-wordpress\/ -->\n<title>Michigan Good Food Fund Business Pitch Event - Michigan Good Food Fund<\/title>\n<meta name=\"description\" content=\"Come cheer on Michigan-based packaged food entrepreneurs as they compete in our annual business pitch competition and win up to $5,000.\" \/>\n<meta name=\"robots\" content=\"index, follow, max-snippet:-1, max-image-preview:large, max-video-preview:-1\" \/>\n<link rel=\"canonical\" href=\"https:\/\/migoodfoodfund.org\/es\/pitch-event\/\" \/>\n<meta property=\"og:locale\" content=\"es_MX\" \/>\n<meta property=\"og:type\" content=\"article\" \/>\n<meta property=\"og:title\" content=\"Michigan Good Food Fund Business Pitch Event - Michigan Good Food Fund\" \/>\n<meta property=\"og:description\" content=\"Come cheer on Michigan-based packaged food entrepreneurs as they compete in our annual business pitch competition and win up to $5,000.\" \/>\n<meta property=\"og:url\" content=\"https:\/\/migoodfoodfund.org\/es\/pitch-event\/\" \/>\n<meta property=\"og:site_name\" content=\"Michigan Good Food Fund\" \/>\n<meta property=\"article:modified_time\" content=\"2025-05-07T19:56:50+00:00\" \/>\n<meta property=\"og:image\" content=\"https:\/\/migoodfoodfund.org\/wp-content\/uploads\/Pitch-Competion-Mel-Hill-13.jpg\" \/>\n\t<meta property=\"og:image:width\" content=\"2048\" \/>\n\t<meta property=\"og:image:height\" content=\"1362\" \/>\n\t<meta property=\"og:image:type\" content=\"image\/jpeg\" \/>\n<meta name=\"twitter:card\" content=\"summary_large_image\" \/>\n<meta name=\"twitter:label1\" content=\"Tiempo de lectura\" \/>\n\t<meta name=\"twitter:data1\" content=\"4 minutos\" \/>\n<script type=\"application\/ld+json\" class=\"yoast-schema-graph\">{\"@context\":\"https:\\\/\\\/schema.org\",\"@graph\":[{\"@type\":\"WebPage\",\"@id\":\"https:\\\/\\\/migoodfoodfund.org\\\/pitch-event\\\/\",\"url\":\"https:\\\/\\\/migoodfoodfund.org\\\/pitch-event\\\/\",\"name\":\"Michigan Good Food Fund Business Pitch Event - Michigan Good Food Fund\",\"isPartOf\":{\"@id\":\"https:\\\/\\\/migoodfoodfund.org\\\/#website\"},\"primaryImageOfPage\":{\"@id\":\"https:\\\/\\\/migoodfoodfund.org\\\/pitch-event\\\/#primaryimage\"},\"image\":{\"@id\":\"https:\\\/\\\/migoodfoodfund.org\\\/pitch-event\\\/#primaryimage\"},\"thumbnailUrl\":\"https:\\\/\\\/migoodfoodfund.org\\\/wp-content\\\/uploads\\\/Pitch-Competion-Mel-Hill-13.jpg\",\"datePublished\":\"2025-02-25T03:05:20+00:00\",\"dateModified\":\"2025-05-07T19:56:50+00:00\",\"description\":\"Come cheer on Michigan-based packaged food entrepreneurs as they compete in our annual business pitch competition and win up to $5,000.\",\"breadcrumb\":{\"@id\":\"https:\\\/\\\/migoodfoodfund.org\\\/pitch-event\\\/#breadcrumb\"},\"inLanguage\":\"es-MX\",\"potentialAction\":[{\"@type\":\"ReadAction\",\"target\":[\"https:\\\/\\\/migoodfoodfund.org\\\/pitch-event\\\/\"]}]},{\"@type\":\"ImageObject\",\"inLanguage\":\"es-MX\",\"@id\":\"https:\\\/\\\/migoodfoodfund.org\\\/pitch-event\\\/#primaryimage\",\"url\":\"https:\\\/\\\/migoodfoodfund.org\\\/wp-content\\\/uploads\\\/Pitch-Competion-Mel-Hill-13.jpg\",\"contentUrl\":\"https:\\\/\\\/migoodfoodfund.org\\\/wp-content\\\/uploads\\\/Pitch-Competion-Mel-Hill-13.jpg\",\"width\":2048,\"height\":1362},{\"@type\":\"BreadcrumbList\",\"@id\":\"https:\\\/\\\/migoodfoodfund.org\\\/pitch-event\\\/#breadcrumb\",\"itemListElement\":[{\"@type\":\"ListItem\",\"position\":1,\"name\":\"Home\",\"item\":\"https:\\\/\\\/migoodfoodfund.org\\\/\"},{\"@type\":\"ListItem\",\"position\":2,\"name\":\"Michigan Good Food Fund Business Pitch Event\"}]},{\"@type\":\"WebSite\",\"@id\":\"https:\\\/\\\/migoodfoodfund.org\\\/#website\",\"url\":\"https:\\\/\\\/migoodfoodfund.org\\\/\",\"name\":\"Michigan Good Food Fund\",\"description\":\"A Lending Network for Michigan\u2019s Farm and Food Entrepreneurs\",\"potentialAction\":[{\"@type\":\"SearchAction\",\"target\":{\"@type\":\"EntryPoint\",\"urlTemplate\":\"https:\\\/\\\/migoodfoodfund.org\\\/?s={search_term_string}\"},\"query-input\":{\"@type\":\"PropertyValueSpecification\",\"valueRequired\":true,\"valueName\":\"search_term_string\"}}],\"inLanguage\":\"es-MX\"}]}<\/script>\n<!-- \/ Yoast SEO plugin. -->","yoast_head_json":{"title":"Evento de presentaci\u00f3n de empresas del Fondo Michigan Good Food - Fondo Michigan Good Food","description":"Venga a animar a los empresarios de alimentos envasados de Michigan mientras compiten en nuestro concurso anual de presentaci\u00f3n de empresas y ganan hasta $5.000.","robots":{"index":"index","follow":"follow","max-snippet":"max-snippet:-1","max-image-preview":"max-image-preview:large","max-video-preview":"max-video-preview:-1"},"canonical":"https:\/\/migoodfoodfund.org\/es\/pitch-event\/","og_locale":"es_MX","og_type":"article","og_title":"Michigan Good Food Fund Business Pitch Event - Michigan Good Food Fund","og_description":"Come cheer on Michigan-based packaged food entrepreneurs as they compete in our annual business pitch competition and win up to $5,000.","og_url":"https:\/\/migoodfoodfund.org\/es\/pitch-event\/","og_site_name":"Michigan Good Food Fund","article_modified_time":"2025-05-07T19:56:50+00:00","og_image":[{"width":2048,"height":1362,"url":"https:\/\/migoodfoodfund.org\/wp-content\/uploads\/Pitch-Competion-Mel-Hill-13.jpg","type":"image\/jpeg"}],"twitter_card":"summary_large_image","twitter_misc":{"Tiempo de lectura":"4 minutos"},"schema":{"@context":"https:\/\/schema.org","@graph":[{"@type":"WebPage","@id":"https:\/\/migoodfoodfund.org\/pitch-event\/","url":"https:\/\/migoodfoodfund.org\/pitch-event\/","name":"Evento de presentaci\u00f3n de empresas del Fondo Michigan Good Food - Fondo Michigan Good Food","isPartOf":{"@id":"https:\/\/migoodfoodfund.org\/#website"},"primaryImageOfPage":{"@id":"https:\/\/migoodfoodfund.org\/pitch-event\/#primaryimage"},"image":{"@id":"https:\/\/migoodfoodfund.org\/pitch-event\/#primaryimage"},"thumbnailUrl":"https:\/\/migoodfoodfund.org\/wp-content\/uploads\/Pitch-Competion-Mel-Hill-13.jpg","datePublished":"2025-02-25T03:05:20+00:00","dateModified":"2025-05-07T19:56:50+00:00","description":"Venga a animar a los empresarios de alimentos envasados de Michigan mientras compiten en nuestro concurso anual de presentaci\u00f3n de empresas y ganan hasta $5.000.","breadcrumb":{"@id":"https:\/\/migoodfoodfund.org\/pitch-event\/#breadcrumb"},"inLanguage":"es-MX","potentialAction":[{"@type":"ReadAction","target":["https:\/\/migoodfoodfund.org\/pitch-event\/"]}]},{"@type":"ImageObject","inLanguage":"es-MX","@id":"https:\/\/migoodfoodfund.org\/pitch-event\/#primaryimage","url":"https:\/\/migoodfoodfund.org\/wp-content\/uploads\/Pitch-Competion-Mel-Hill-13.jpg","contentUrl":"https:\/\/migoodfoodfund.org\/wp-content\/uploads\/Pitch-Competion-Mel-Hill-13.jpg","width":2048,"height":1362},{"@type":"BreadcrumbList","@id":"https:\/\/migoodfoodfund.org\/pitch-event\/#breadcrumb","itemListElement":[{"@type":"ListItem","position":1,"name":"Home","item":"https:\/\/migoodfoodfund.org\/"},{"@type":"ListItem","position":2,"name":"Michigan Good Food Fund Business Pitch Event"}]},{"@type":"WebSite","@id":"https:\/\/migoodfoodfund.org\/#website","url":"https:\/\/migoodfoodfund.org\/","name":"Fondo Michigan Good Food","description":"Una red de pr\u00e9stamos para los empresarios agr\u00edcolas y alimentarios de Michigan","potentialAction":[{"@type":"SearchAction","target":{"@type":"EntryPoint","urlTemplate":"https:\/\/migoodfoodfund.org\/?s={search_term_string}"},"query-input":{"@type":"PropertyValueSpecification","valueRequired":true,"valueName":"search_term_string"}}],"inLanguage":"es-MX"}]}},"ticketed":false,"_links":{"self":[{"href":"https:\/\/migoodfoodfund.org\/es\/wp-json\/wp\/v2\/pages\/44727","targetHints":{"allow":["GET"]}}],"collection":[{"href":"https:\/\/migoodfoodfund.org\/es\/wp-json\/wp\/v2\/pages"}],"about":[{"href":"https:\/\/migoodfoodfund.org\/es\/wp-json\/wp\/v2\/types\/page"}],"author":[{"embeddable":true,"href":"https:\/\/migoodfoodfund.org\/es\/wp-json\/wp\/v2\/users\/9"}],"replies":[{"embeddable":true,"href":"https:\/\/migoodfoodfund.org\/es\/wp-json\/wp\/v2\/comments?post=44727"}],"version-history":[{"count":0,"href":"https:\/\/migoodfoodfund.org\/es\/wp-json\/wp\/v2\/pages\/44727\/revisions"}],"wp:featuredmedia":[{"embeddable":true,"href":"https:\/\/migoodfoodfund.org\/es\/wp-json\/wp\/v2\/media\/44743"}],"wp:attachment":[{"href":"https:\/\/migoodfoodfund.org\/es\/wp-json\/wp\/v2\/media?parent=44727"}],"curies":[{"name":"wp","href":"https:\/\/api.w.org\/{rel}","templated":true}]}}