{"id":43489,"date":"2024-04-26T10:57:36","date_gmt":"2024-04-26T14:57:36","guid":{"rendered":"https:\/\/michigangff.wpenginepowered.com\/?page_id=43489"},"modified":"2024-04-27T05:14:43","modified_gmt":"2024-04-27T09:14:43","slug":"glosario","status":"publish","type":"page","link":"https:\/\/migoodfoodfund.org\/es\/glosario\/","title":{"rendered":"Glosario"},"content":{"rendered":"<h1>Glosario de t\u00e9rminos financieros<\/h1>\r\n<p>Este glosario contiene t\u00e9rminos que pueden resultarle \u00fatiles a la hora de prepararse para obtener financiaci\u00f3n y\/o ayuda empresarial.<\/p>\r\n<h2>T\u00e9rminos clave<\/h2>\r\n<h3>A - G<\/h3>\r\n<h3><i>Ampliar<\/i><\/h3>\r\n<p><strong>Pr\u00e9stamo puente:<\/strong> Un desembolso de dinero que permitir\u00e1 a una empresa obtener otro tipo de financiaci\u00f3n o subvenci\u00f3n.<\/p>\r\n<p><strong>Capital:<\/strong> Los recursos de una empresa, incluidos el efectivo y los activos.<\/p>\r\n<p><strong>Capital catalizador:<\/strong> El capital se utiliza para reducir el riesgo de un pr\u00e9stamo para otros prestamistas, principalmente garantizando una parte del pr\u00e9stamo de los otros prestamistas. La garant\u00eda desbloquea la financiaci\u00f3n para empresarios que probablemente no habr\u00edan podido recibirla sin la garant\u00eda.<\/p>\r\n<p><strong>Iniciativa colateral:<\/strong> Una herramienta de la que dispone el Michigan Good Food Fund que reduce el riesgo de un pr\u00e9stamo para otros prestamistas y, por tanto, desbloquea financiaci\u00f3n para empresarios que probablemente no habr\u00edan podido recibirla sin la garant\u00eda. El Fondo recauda un fondo com\u00fan de capital que anima a otros prestamistas a conceder pr\u00e9stamos que de otro modo no conceder\u00edan debido al riesgo o a la falta de garant\u00edas. El Fondo trabaja en colaboraci\u00f3n con otros prestamistas y exige acuerdos con el prestamista o prestamistas y el empresario.<\/p>\r\n<p><strong>D\u00e9ficit de garant\u00edas:<\/strong> Un escenario en el que no hay suficientes cosas (en otras palabras, seguridad) para que un prestamista preste. El riesgo es demasiado alto para ellos porque, si el pr\u00e9stamo no se paga, no tienen nada que vender para recuperar el pr\u00e9stamo. La iniciativa de garant\u00edas del Michigan Good Food Fund reduce el riesgo al proporcionar algo con lo que pueden contar si el pr\u00e9stamo no se devuelve en su totalidad.<\/p>\r\n<p><strong>Deuda convertible:<\/strong> Pr\u00e9stamo que se convierte en capital o propiedad de una empresa en un momento posterior.<\/p>\r\n<p><strong>Pagar\u00e9 convertible:<\/strong> Deuda que se convierte autom\u00e1ticamente en capital en funci\u00f3n de las condiciones preestablecidas o que se reembolsar\u00e1 en efectivo en una fecha posterior.<\/p>\r\n<p><strong>Mejora del cr\u00e9dito:<\/strong> Estrategias para mejorar el perfil de riesgo de cr\u00e9dito de una empresa.<\/p>\r\n<p><strong>Inversi\u00f3n de capital:<\/strong> Cuando los inversores adquieren la propiedad de una empresa. Los inversores dan dinero a la empresa y, a cambio, adquieren una parte de ella.<\/p>\r\n<p><strong>De la granja al tenedor o del campo al tenedor:<\/strong> Una descripci\u00f3n de los alimentos que se han cultivado desde una granja local hasta los restaurantes, mercados de agricultores y otros miembros de la comunidad cercanos a esa granja.<\/p>\r\n<p><strong>Financiaci\u00f3n flexible:<\/strong> La combinaci\u00f3n de deuda, capital y subvenciones para ofrecer soluciones de capital personalizadas.<\/p>\r\n<p><strong>Productos financieros:<\/strong> Elementos -generalmente en forma de contrato- proporcionados a clientes, empresas y otras organizaciones por instituciones financieras, como bancos e inversores.<\/p>\r\n<p><strong>Sostenibilidad financiera:<\/strong> Empresas que son rentables o pueden demostrar un camino hacia la rentabilidad.<\/p>\r\n<p><strong>Subvenciones de la Fundaci\u00f3n:<\/strong> Suma de dinero concedida por una organizaci\u00f3n sin \u00e1nimo de lucro o un fideicomiso ben\u00e9fico a organizaciones, instituciones y\/o particulares para proyectos nuevos, beneficiosos y\/o creativos con fines ben\u00e9ficos, como la ciencia, la educaci\u00f3n y la cultura.<\/p>\r\n<h3>H - P<\/h3>\r\n<h3><i>Ampliar<\/i><\/h3>\r\n<p><strong>Inversi\u00f3n de impacto:<\/strong> Una estrategia financiera que implica el desembolso de dinero y otros capitales para alcanzar un objetivo social o medioambiental y generar beneficios. Para el Michigan Good Food Fund, esto significa ofrecer un apoyo hol\u00edstico que a\u00fane capital catalizador y asistencia empresarial integral.<\/p>\r\n<p><strong>L\u00ednea de cr\u00e9dito:<\/strong> Prestar, devolver y volver a prestar una determinada cantidad de dinero.<\/p>\r\n<p><strong>Pr\u00e9stamo:<\/strong> Deuda tradicional que cataliza el crecimiento de una empresa. Algunos de los fines para los que se utilizan son el equipamiento, la propiedad, la construcci\u00f3n y el capital circulante.<\/p>\r\n<p><strong>De origen local:<\/strong> Productos alimenticios que se cultivan en una zona determinada.<\/p>\r\n<p><strong>Microcr\u00e9dito: <\/strong>Peque\u00f1a suma de dinero prestada a bajo inter\u00e9s a una nueva empresa.<\/p>\r\n<p><strong>Misi\u00f3n en forma:<\/strong> C\u00f3mo encaja una empresa concreta con el objetivo o prop\u00f3sito de Fair Food Network.<\/p>\r\n<p><strong>Near-equity:<\/strong> No se trata de una inversi\u00f3n de capital ni de un pr\u00e9stamo tradicional, sino de una estructura de inversi\u00f3n que no exige devolver mucho dinero, sino que funciona como un pr\u00e9stamo en el sentido de que hay que devolver cantidades m\u00e1s peque\u00f1as a medida que el prestamista lo requiera.<\/p>\r\n<p><strong>Pr\u00e9stamo participativo:<\/strong> Prestar un desembolso de dinero a un prestamista principal para que \u00e9ste se encargue de todo el \"trabajo de pr\u00e9stamo\", como la tramitaci\u00f3n de documentos legales.<\/p>\r\n<p><strong>Inversiones relacionadas con programas (PRI):<\/strong> Un desembolso de dinero de una fundaci\u00f3n privada exenta de impuestos que fomenta el fin ben\u00e9fico de la fundaci\u00f3n al tiempo que proporciona a la fundaci\u00f3n un potencial de rendimiento financiero. (Fuente)<\/p>\r\n<p><strong>Anticipo de pedido:<\/strong> Anticipar capital de explotaci\u00f3n contra una orden de compra antes de que se cultiven las cosechas, se entreguen los productos, etc.<\/p>\r\n<h3>Q - Z<\/h3>\r\n<h3><i>Ampliar<\/i><\/h3>\r\n<p><strong>Subvenciones recuperables:<\/strong> Un tipo de subvenci\u00f3n \"en la que un fil\u00e1ntropo o una organizaci\u00f3n sin \u00e1nimo de lucro decide prestar dinero con la esperanza de que un empresario tenga \u00e9xito. Si un empresario no tiene \u00e9xito, no tiene que devolver nada, independientemente de cu\u00e1nto le hayan prestado en un principio.\" (Fuente)<\/p>\r\n<p><strong>Financiaci\u00f3n basada en los ingresos:<\/strong> Pr\u00e9stamo que devuelve un porcentaje de los ingresos brutos durante un periodo de tiempo determinado, hasta una cantidad espec\u00edfica; pr\u00e9stamo que se reembolsa como porcentaje de los ingresos o flujos de caja futuros.<\/p>\r\n<p><strong>Impacto social:<\/strong> Centrar las inversiones en empresas cuyos principales resultados sean aumentar el acceso y la asequibilidad de los alimentos saludables, apoyar a las explotaciones agr\u00edcolas familiares mediante el aumento de sus ventas y beneficios, centrar la alimentaci\u00f3n en las plantas, ampliar el acceso a los recursos, reducir el desperdicio de alimentos y crear empleos de calidad. Esto tambi\u00e9n significa comprometerse a promover una mayor equidad mediante el apoyo a las empresas dirigidas por personas marginadas debido a su raza, etnia y\/o g\u00e9nero.<\/p>\r\n<p><strong>Notas de impacto social:<\/strong> Tipo de deuda que el prestatario debe devolver m\u00e1s los intereses durante un periodo de tiempo determinado. Este tipo de deuda apoya proyectos con impactos positivos.<\/p>\r\n<p><strong>Pr\u00e9stamo a plazo:<\/strong> Una suma de dinero que se devuelve en pagos regulares a lo largo de un periodo de tiempo determinado, normalmente entre uno y 25 a\u00f1os. Estos pr\u00e9stamos suelen destinarse a equipamiento o capital circulante, entre otras cosas,<\/p>\r\n<p><strong>Deuda de riesgo:<\/strong> Tipo de pr\u00e9stamo que ofrecen los bancos y otras instituciones financieras para financiar capital circulante o gastos de capital, como la compra de equipos.<\/p>\r\n<p><strong>Capital circulante:<\/strong> Recursos de una empresa, incluidos el efectivo y los activos, que se utilizan en sus operaciones cotidianas. Se mide restando a los pasivos corrientes, como las deudas, los recursos corrientes de la empresa.<\/p>\r\n<p><strong>Asistencia empresarial integral:<\/strong> Programa de apoyo no financiero del Michigan Good Food Fund que incluye consultor\u00eda individualizada, talleres de grupo y apoyo curricular para acompa\u00f1ar la financiaci\u00f3n.<\/p>","protected":false},"excerpt":{"rendered":"<p>Glosario de t\u00e9rminos financieros Este glosario contiene t\u00e9rminos que pueden resultarle \u00fatiles a la hora de prepararse para obtener financiaci\u00f3n y\/o ayuda empresarial. T\u00e9rminos clave A - G Ampliar Pr\u00e9stamo puente: Un desembolso de...<\/p>","protected":false},"author":2,"featured_media":43618,"parent":0,"menu_order":0,"comment_status":"closed","ping_status":"closed","template":"","meta":{"_acf_changed":false,"inline_featured_image":false,"_price":"","_stock":"","_tribe_ticket_header":"","_tribe_default_ticket_provider":"","_tribe_ticket_capacity":"0","_ticket_start_date":"","_ticket_end_date":"","_tribe_ticket_show_description":"","_tribe_ticket_show_not_going":false,"_tribe_ticket_use_global_stock":"","_tribe_ticket_global_stock_level":"","_global_stock_mode":"","_global_stock_cap":"","_tribe_rsvp_for_event":"","_tribe_ticket_going_count":"","_tribe_ticket_not_going_count":"","_tribe_tickets_list":"[]","_tribe_ticket_has_attendee_info_fields":false,"footnotes":"","_tec_slr_enabled":"","_tec_slr_layout":""},"class_list":["post-43489","page","type-page","status-publish","has-post-thumbnail","hentry"],"acf":[],"yoast_head":"<!-- This site is optimized with the Yoast SEO plugin v27.4 - https:\/\/yoast.com\/product\/yoast-seo-wordpress\/ -->\n<title>Glossary Of Terms - Michigan Good Food Fund<\/title>\n<meta name=\"description\" content=\"A glossary containing terms you may find useful when preparing for financing and\/or business assistance.\" \/>\n<meta name=\"robots\" content=\"index, follow, max-snippet:-1, max-image-preview:large, max-video-preview:-1\" \/>\n<link rel=\"canonical\" href=\"https:\/\/migoodfoodfund.org\/es\/glosario\/\" \/>\n<meta property=\"og:locale\" content=\"es_MX\" \/>\n<meta property=\"og:type\" content=\"article\" \/>\n<meta property=\"og:title\" content=\"Glossary Of Terms - Michigan Good Food Fund\" \/>\n<meta property=\"og:description\" content=\"A glossary containing terms you may find useful when preparing for financing and\/or business assistance.\" \/>\n<meta property=\"og:url\" content=\"https:\/\/migoodfoodfund.org\/es\/glosario\/\" \/>\n<meta property=\"og:site_name\" content=\"Michigan Good Food Fund\" \/>\n<meta property=\"article:modified_time\" content=\"2024-04-27T09:14:43+00:00\" \/>\n<meta property=\"og:image\" content=\"https:\/\/migoodfoodfund.org\/wp-content\/uploads\/mgff-feature-image.jpg\" \/>\n\t<meta property=\"og:image:width\" content=\"1393\" \/>\n\t<meta property=\"og:image:height\" content=\"956\" \/>\n\t<meta property=\"og:image:type\" content=\"image\/jpeg\" \/>\n<meta name=\"twitter:card\" content=\"summary_large_image\" \/>\n<meta name=\"twitter:label1\" content=\"Tiempo de lectura\" \/>\n\t<meta name=\"twitter:data1\" content=\"5 minutos\" \/>\n<script type=\"application\/ld+json\" class=\"yoast-schema-graph\">{\"@context\":\"https:\\\/\\\/schema.org\",\"@graph\":[{\"@type\":\"WebPage\",\"@id\":\"https:\\\/\\\/migoodfoodfund.org\\\/glossary\\\/\",\"url\":\"https:\\\/\\\/migoodfoodfund.org\\\/glossary\\\/\",\"name\":\"Glossary Of Terms - Michigan Good Food Fund\",\"isPartOf\":{\"@id\":\"https:\\\/\\\/migoodfoodfund.org\\\/#website\"},\"primaryImageOfPage\":{\"@id\":\"https:\\\/\\\/migoodfoodfund.org\\\/glossary\\\/#primaryimage\"},\"image\":{\"@id\":\"https:\\\/\\\/migoodfoodfund.org\\\/glossary\\\/#primaryimage\"},\"thumbnailUrl\":\"https:\\\/\\\/migoodfoodfund.org\\\/wp-content\\\/uploads\\\/mgff-feature-image.jpg\",\"datePublished\":\"2024-04-26T14:57:36+00:00\",\"dateModified\":\"2024-04-27T09:14:43+00:00\",\"description\":\"A glossary containing terms you may find useful when preparing for financing and\\\/or business assistance.\",\"breadcrumb\":{\"@id\":\"https:\\\/\\\/migoodfoodfund.org\\\/glossary\\\/#breadcrumb\"},\"inLanguage\":\"es-MX\",\"potentialAction\":[{\"@type\":\"ReadAction\",\"target\":[\"https:\\\/\\\/migoodfoodfund.org\\\/glossary\\\/\"]}]},{\"@type\":\"ImageObject\",\"inLanguage\":\"es-MX\",\"@id\":\"https:\\\/\\\/migoodfoodfund.org\\\/glossary\\\/#primaryimage\",\"url\":\"https:\\\/\\\/migoodfoodfund.org\\\/wp-content\\\/uploads\\\/mgff-feature-image.jpg\",\"contentUrl\":\"https:\\\/\\\/migoodfoodfund.org\\\/wp-content\\\/uploads\\\/mgff-feature-image.jpg\",\"width\":1393,\"height\":956},{\"@type\":\"BreadcrumbList\",\"@id\":\"https:\\\/\\\/migoodfoodfund.org\\\/glossary\\\/#breadcrumb\",\"itemListElement\":[{\"@type\":\"ListItem\",\"position\":1,\"name\":\"Home\",\"item\":\"https:\\\/\\\/migoodfoodfund.org\\\/\"},{\"@type\":\"ListItem\",\"position\":2,\"name\":\"Glossary\"}]},{\"@type\":\"WebSite\",\"@id\":\"https:\\\/\\\/migoodfoodfund.org\\\/#website\",\"url\":\"https:\\\/\\\/migoodfoodfund.org\\\/\",\"name\":\"Michigan Good Food Fund\",\"description\":\"A Lending Network for Michigan\u2019s Farm and Food Entrepreneurs\",\"potentialAction\":[{\"@type\":\"SearchAction\",\"target\":{\"@type\":\"EntryPoint\",\"urlTemplate\":\"https:\\\/\\\/migoodfoodfund.org\\\/?s={search_term_string}\"},\"query-input\":{\"@type\":\"PropertyValueSpecification\",\"valueRequired\":true,\"valueName\":\"search_term_string\"}}],\"inLanguage\":\"es-MX\"}]}<\/script>\n<!-- \/ Yoast SEO plugin. -->","yoast_head_json":{"title":"Glosario de t\u00e9rminos - Michigan Good Food Fund","description":"Un glosario con t\u00e9rminos que pueden resultarle \u00fatiles a la hora de prepararse para obtener financiaci\u00f3n y\/o ayuda empresarial.","robots":{"index":"index","follow":"follow","max-snippet":"max-snippet:-1","max-image-preview":"max-image-preview:large","max-video-preview":"max-video-preview:-1"},"canonical":"https:\/\/migoodfoodfund.org\/es\/glosario\/","og_locale":"es_MX","og_type":"article","og_title":"Glossary Of Terms - Michigan Good Food Fund","og_description":"A glossary containing terms you may find useful when preparing for financing and\/or business assistance.","og_url":"https:\/\/migoodfoodfund.org\/es\/glosario\/","og_site_name":"Michigan Good Food Fund","article_modified_time":"2024-04-27T09:14:43+00:00","og_image":[{"width":1393,"height":956,"url":"https:\/\/migoodfoodfund.org\/wp-content\/uploads\/mgff-feature-image.jpg","type":"image\/jpeg"}],"twitter_card":"summary_large_image","twitter_misc":{"Tiempo de lectura":"5 minutos"},"schema":{"@context":"https:\/\/schema.org","@graph":[{"@type":"WebPage","@id":"https:\/\/migoodfoodfund.org\/glossary\/","url":"https:\/\/migoodfoodfund.org\/glossary\/","name":"Glosario de t\u00e9rminos - Michigan Good Food Fund","isPartOf":{"@id":"https:\/\/migoodfoodfund.org\/#website"},"primaryImageOfPage":{"@id":"https:\/\/migoodfoodfund.org\/glossary\/#primaryimage"},"image":{"@id":"https:\/\/migoodfoodfund.org\/glossary\/#primaryimage"},"thumbnailUrl":"https:\/\/migoodfoodfund.org\/wp-content\/uploads\/mgff-feature-image.jpg","datePublished":"2024-04-26T14:57:36+00:00","dateModified":"2024-04-27T09:14:43+00:00","description":"Un glosario con t\u00e9rminos que pueden resultarle \u00fatiles a la hora de prepararse para obtener financiaci\u00f3n y\/o ayuda empresarial.","breadcrumb":{"@id":"https:\/\/migoodfoodfund.org\/glossary\/#breadcrumb"},"inLanguage":"es-MX","potentialAction":[{"@type":"ReadAction","target":["https:\/\/migoodfoodfund.org\/glossary\/"]}]},{"@type":"ImageObject","inLanguage":"es-MX","@id":"https:\/\/migoodfoodfund.org\/glossary\/#primaryimage","url":"https:\/\/migoodfoodfund.org\/wp-content\/uploads\/mgff-feature-image.jpg","contentUrl":"https:\/\/migoodfoodfund.org\/wp-content\/uploads\/mgff-feature-image.jpg","width":1393,"height":956},{"@type":"BreadcrumbList","@id":"https:\/\/migoodfoodfund.org\/glossary\/#breadcrumb","itemListElement":[{"@type":"ListItem","position":1,"name":"Home","item":"https:\/\/migoodfoodfund.org\/"},{"@type":"ListItem","position":2,"name":"Glossary"}]},{"@type":"WebSite","@id":"https:\/\/migoodfoodfund.org\/#website","url":"https:\/\/migoodfoodfund.org\/","name":"Fondo Michigan Good Food","description":"Una red de pr\u00e9stamos para los empresarios agr\u00edcolas y alimentarios de Michigan","potentialAction":[{"@type":"SearchAction","target":{"@type":"EntryPoint","urlTemplate":"https:\/\/migoodfoodfund.org\/?s={search_term_string}"},"query-input":{"@type":"PropertyValueSpecification","valueRequired":true,"valueName":"search_term_string"}}],"inLanguage":"es-MX"}]}},"ticketed":false,"_links":{"self":[{"href":"https:\/\/migoodfoodfund.org\/es\/wp-json\/wp\/v2\/pages\/43489","targetHints":{"allow":["GET"]}}],"collection":[{"href":"https:\/\/migoodfoodfund.org\/es\/wp-json\/wp\/v2\/pages"}],"about":[{"href":"https:\/\/migoodfoodfund.org\/es\/wp-json\/wp\/v2\/types\/page"}],"author":[{"embeddable":true,"href":"https:\/\/migoodfoodfund.org\/es\/wp-json\/wp\/v2\/users\/2"}],"replies":[{"embeddable":true,"href":"https:\/\/migoodfoodfund.org\/es\/wp-json\/wp\/v2\/comments?post=43489"}],"version-history":[{"count":0,"href":"https:\/\/migoodfoodfund.org\/es\/wp-json\/wp\/v2\/pages\/43489\/revisions"}],"wp:featuredmedia":[{"embeddable":true,"href":"https:\/\/migoodfoodfund.org\/es\/wp-json\/wp\/v2\/media\/43618"}],"wp:attachment":[{"href":"https:\/\/migoodfoodfund.org\/es\/wp-json\/wp\/v2\/media?parent=43489"}],"curies":[{"name":"wp","href":"https:\/\/api.w.org\/{rel}","templated":true}]}}