{"id":43443,"date":"2024-04-26T09:43:02","date_gmt":"2024-04-26T13:43:02","guid":{"rendered":"https:\/\/michigangff.wpenginepowered.com\/?page_id=43443"},"modified":"2026-01-23T16:39:47","modified_gmt":"2026-01-23T21:39:47","slug":"quienes-somos","status":"publish","type":"page","link":"https:\/\/migoodfoodfund.org\/es\/quienes-somos\/","title":{"rendered":"Qui\u00e9nes somos"},"content":{"rendered":"<img decoding=\"async\" src=\"https:\/\/migoodfoodfund.org\/wp-content\/uploads\/08_Who-We-Are-Hero-Image.jpg\" alt=\"Un hombre con camisa negra y una etiqueta con su nombre, sostiene un papel y habla con dos personas en lo que parece ser un almac\u00e9n. Detr\u00e1s de \u00e9l hay estanter\u00edas con varias cajas y suministros.\" itemprop=\"image\" title=\"08_Who-We-Are-Hero-Image\" onerror=\"this.style.display='none'\"  \/>\n<h1>\n\t\t\tConozca nuestra red de apoyo colaborativo\t<\/h1>\n\t<p>En el n\u00facleo del Michigan Good Food Fund se encuentra un ecosistema formado por prestamistas, expertos t\u00e9cnicos, l\u00edderes visionarios y personal de apoyo dedicado, todos ellos comprometidos con su \u00e9xito.<\/p>\n\t\t\t\t<img decoding=\"async\" src=\"https:\/\/migoodfoodfund.org\/wp-content\/uploads\/apple-line-green-top.svg\" alt=\"manzana-l\u00ednea-verde-top\" itemprop=\"image\" title=\"manzana-l\u00ednea-verde-top\" onerror=\"this.style.display='none'\"  \/>\n\t\t\t<a href=\"#\"  target=\"_self\" rel=\"nofollow\">\n\t\t\t\t\t\t\tEN ESTA P\u00c1GINA\n\t\t\t\t\t<\/a>\n\t\t\t<a href=\"#lending\"  target=\"_self\">\n\t\t\t\t\t\t\tRed de pr\u00e9stamos\n\t\t\t\t\t<\/a>\n\t\t\t<a href=\"#board\"  target=\"_self\">\n\t\t\t\t\t\t\tJunta de Partes Interesadas\n\t\t\t\t\t<\/a>\n\t\t\t<a href=\"#support\"  target=\"_self\">\n\t\t\t\t\t\t\tEquipo de apoyo\n\t\t\t\t\t<\/a>\n\t\t\t<a href=\"#funders\"  target=\"_self\">\n\t\t\t\t\t\t\tFinanciadores\n\t\t\t\t\t<\/a>\n<h2>\n\t\t\tNuestra red de pr\u00e9stamos\t<\/h2>\n\t<p>Nuestra red de pr\u00e9stamos es fundamental para nuestra misi\u00f3n, ya que ofrece apoyo financiero y recursos esenciales para apoyar a las empresas agr\u00edcolas y alimentarias locales. Juntos, estamos desarrollando un sistema alimentario local m\u00e1s resistente e inclusivo.<\/p>\n\t\t\t<a href=\"https:\/\/migoodfoodfund.org\/es\/red-de-apoyo-al-prestamo\/\"  target=\"_self\">\n\t\t\t\t\t\t\tConozca la red\n\t\t\t\t\t<\/a>\n\t\t\t\t<img decoding=\"async\" src=\"https:\/\/migoodfoodfund.org\/wp-content\/uploads\/08-Lending-Network-Intro.jpg\" alt=\"Una persona est\u00e1 firmando un documento en un escritorio, mientras que otra mano es visible en el lado izquierdo de la imagen. La persona que firma el documento sostiene un bol\u00edgrafo y tiene varios anillos en los dedos. En el escritorio hay varios papeles y un portapapeles.\" itemprop=\"image\" title=\"08-Red de pr\u00e9stamos-Introducci\u00f3n\" onerror=\"this.style.display='none'\"  \/>\n<h2>\n\t\t\tJunta de Partes Interesadas\t<\/h2>\n\t<p>The organization is currently led by a seven-member Stakeholder Board. To recognize the leaders who helped establish and guide the organization, members of the Founding Board may be viewed <a href=\"https:\/\/migoodfoodfund.org\/wp-content\/uploads\/Founding-Stakeholder-Board-1.pdf\" target=\"_blank\" rel=\"noopener\">aqu\u00ed<\/a>.<\/p>\n\t<div class=\"people\">            <div class=\"peopleBox\">\n                                <div class=\"peopleInfo\">\n                    <h3 class=\"peopleName h4\">Terri Barker<\/h4>\n                    <p class=\"peoplePosition\">Briesa<\/p>\n                <\/div>\n                            <\/div>\n                    <div class=\"peopleBox\">\n                                <div class=\"peopleInfo\">\n                    <h3 class=\"peopleName h4\">Carolyn Cassin<\/h4>\n                    <p class=\"peoplePosition\">Presidenta y Directora General, Michigan Women Forward Socia General y Cofundadora, The BELLE Michigan Impact Fund | Detroit Metro <\/p>\n                <\/div>\n                            <\/div>\n                    <div class=\"peopleBox\">\n                                <div class=\"peopleInfo\">\n                    <h3 class=\"peopleName h4\">Jerry Hebron<\/h4>\n                    <p class=\"peoplePosition\">Directora ejecutiva, Oakland Avenue Urban Farm | Detroit Metro <\/p>\n                <\/div>\n                            <\/div>\n                    <div class=\"peopleBox\">\n                                <div class=\"peopleInfo\">\n                    <h3 class=\"peopleName h4\">Daniel Marbury<\/h4>\n                    <p class=\"peoplePosition\">Coordinador de programas, Centro Crosshatch de Arte y Ecolog\u00eda | Noroeste <\/p>\n                <\/div>\n                            <\/div>\n                    <div class=\"peopleBox\">\n                                <div class=\"peopleInfo\">\n                    <h3 class=\"peopleName h4\">Jamie Rahrig, MPH, RDN<\/h4>\n                    <p class=\"peoplePosition\">Assistant Director of Partnerships, Director of Food and Farm Business Assistance , Center for Regional Food Systems at Michigan State University | Statewide <\/p>\n                <\/div>\n                            <\/div>\n                    <div class=\"peopleBox\">\n                                <div class=\"peopleInfo\">\n                    <h3 class=\"peopleName h4\">Angelia Sharp<\/h4>\n                    <p class=\"peoplePosition\">Assistant Vice President of Small Business Lending, Detroit Development Fund | Detroit Metro<\/p>\n                <\/div>\n                            <\/div>\n                    <div class=\"peopleBox\">\n                                <div class=\"peopleInfo\">\n                    <h3 class=\"peopleName h4\">Tony Vu<\/h4>\n                    <p class=\"peoplePosition\">Propietario\/operador, MaMang, The Good Bowl y Flint Social Club | Northern Michigan y Flint Metro <\/p>\n                <\/div>\n                            <\/div>\n        <\/div>\n<h2>\n\t\t\tEquipo de apoyo\t<\/h2>\n\t<p>Nuestros socios administrativos de Fair Food Network proporcionan experiencia, orientaci\u00f3n y un apoyo inquebrantable a los empresarios alimentarios y agr\u00edcolas de todo Michigan.<\/p>\n\t<div class=\"people\">            <div class=\"peopleBox\">\n                                <div class=\"peopleImage\">\n                    <img decoding=\"async\" alt=\"\" src=\"https:\/\/migoodfoodfund.org\/wp-content\/uploads\/FFN_Staff-Portrait_RJ.jpg\">\n                <\/div>\n                                <div class=\"peopleInfo\">\n                    <h3 class=\"peopleName h4\">RJ Archambo<\/h4>\n                    <p class=\"peoplePosition\">Gestor de inversiones<\/p>\n                <\/div>\n                                    <div class=\"peopleBio_container\">\n                        <button class=\"button_more\" aria-expanded=\"false\" aria-label=\"M\u00e1s informaci\u00f3n sobre RJ Archambo\">Acerca de<\/button>\n                        <div class=\"moreDetails\"><p>Raymond (RJ) es responsable de la coordinaci\u00f3n con los inversores, la estructuraci\u00f3n de las operaciones de inversi\u00f3n, la realizaci\u00f3n de la diligencia debida y el cumplimiento de los requisitos normativos. RJ trabaja en estrecha colaboraci\u00f3n con clientes e inversores para facilitar el \u00e9xito de las inversiones que cumplen la misi\u00f3n y los objetivos de rendimiento del Michigan Good Food Fund, definidos por la Junta de Partes Interesadas de la comunidad estatal de colaboraci\u00f3n.<\/p>\n<\/div>\n                    <\/div>\n                            <\/div>\n                    <div class=\"peopleBox\">\n                                <div class=\"peopleImage\">\n                    <img decoding=\"async\" alt=\"\" src=\"https:\/\/migoodfoodfund.org\/wp-content\/uploads\/FFN_Staff-Portrait_Shakir-1.jpg\">\n                <\/div>\n                                <div class=\"peopleInfo\">\n                    <h3 class=\"peopleName h4\">Shakir Bralock<\/h4>\n                    <p class=\"peoplePosition\">Director<\/p>\n                <\/div>\n                                    <div class=\"peopleBio_container\">\n                        <button class=\"button_more\" aria-expanded=\"false\" aria-label=\"Leer m\u00e1s sobre Shakir Bralock\">Acerca de<\/button>\n                        <div class=\"moreDetails\"><p>Shakir leads the investment process of the Michigan Good Food Fund and oversees its portfolio management. He collaborates closely with the lending network\u2019s Stakeholder Board, which establishes the organization\u2019s vision and priorities, channels community input, and ensures accountability to those it aims to serve. Shakir is also focused on expanding Michigan Good Food Fund\u2019s reach across the state, strengthening local partnerships, and ensuring that food entrepreneurs across Michigan have the capital, resources, and support they need to grow.<\/p>\n<\/div>\n                    <\/div>\n                            <\/div>\n                    <div class=\"peopleBox\">\n                                <div class=\"peopleImage\">\n                    <img decoding=\"async\" alt=\"\" src=\"https:\/\/migoodfoodfund.org\/wp-content\/uploads\/3.jpg\">\n                <\/div>\n                                <div class=\"peopleInfo\">\n                    <h3 class=\"peopleName h4\">Erin Elly<\/h4>\n                    <p class=\"peoplePosition\">Technical Assistance Manager <\/p>\n                <\/div>\n                                    <div class=\"peopleBio_container\">\n                        <button class=\"button_more\" aria-expanded=\"false\" aria-label=\"M\u00e1s informaci\u00f3n sobre Erin Elly\">Acerca de<\/button>\n                        <div class=\"moreDetails\"><p>Erin trabaja en estrecha colaboraci\u00f3n con los empresarios del sector alimentario para comprender sus retos y objetivos como parte del proceso de evaluaci\u00f3n de necesidades. Colabora con socios internos y externos para identificar los recursos de preinversi\u00f3n y postinversi\u00f3n necesarios a lo largo del proceso continuo de apoyo empresarial para garantizar que est\u00e9n bien preparados para la aprobaci\u00f3n del pr\u00e9stamo y el \u00e9xito a largo plazo.<\/p>\n<\/div>\n                    <\/div>\n                            <\/div>\n        <\/div>\n<h2>\n\t\t\tNuestros financiadores\t<\/h2>\n\t<p>Junto con nuestros financiadores, nos comprometemos a realizar inversiones en empresas alimentarias y agr\u00edcolas que reflejen las prioridades de las personas y comunidades m\u00e1s afectadas por las desigualdades de riqueza.<\/p>\n\t\t\t\t<img decoding=\"async\" src=\"https:\/\/migoodfoodfund.org\/wp-content\/uploads\/10_Our-Funder-CTA.jpg\" alt=\"Una persona con camisa granate y gorra examina unos pimientos amarillos mientras camina por un exuberante huerto verde. Las plantas son altas y sanas, enmarcando al individuo mientras se concentra en los productos reci\u00e9n cosechados.\" itemprop=\"image\" title=\"10_Nuestro-Fundador-CTA\" onerror=\"this.style.display='none'\"  \/>\n<h2>\n\t\t\tConvi\u00e9rtase en financiador\t<\/h2>\n\t<p>\u00danase a nosotros para apoyar a las empresas agroalimentarias que impulsan las econom\u00edas locales y generan beneficios directos para nuestras comunidades.<\/p>\n<p>Si desea m\u00e1s informaci\u00f3n, p\u00f3ngase en contacto con nosotros en <a href=\"mailto:info@MIGoodFoodFund.org\">info@MIGoodFoodFund.org<\/a><\/p>","protected":false},"excerpt":{"rendered":"<p>Conozca nuestra red de apoyo colaborativo En el n\u00facleo del Michigan Good Food Fund se encuentra un ecosistema compuesto por prestamistas, expertos t\u00e9cnicos, l\u00edderes visionarios y personal de apoyo dedicado, todos...<\/p>","protected":false},"author":2,"featured_media":43618,"parent":0,"menu_order":0,"comment_status":"closed","ping_status":"closed","template":"","meta":{"_acf_changed":false,"inline_featured_image":false,"_price":"","_stock":"","_tribe_ticket_header":"","_tribe_default_ticket_provider":"","_tribe_ticket_capacity":"0","_ticket_start_date":"","_ticket_end_date":"","_tribe_ticket_show_description":"","_tribe_ticket_show_not_going":false,"_tribe_ticket_use_global_stock":"","_tribe_ticket_global_stock_level":"","_global_stock_mode":"","_global_stock_cap":"","_tribe_rsvp_for_event":"","_tribe_ticket_going_count":"","_tribe_ticket_not_going_count":"","_tribe_tickets_list":"[]","_tribe_ticket_has_attendee_info_fields":false,"footnotes":"","_tec_slr_enabled":"","_tec_slr_layout":""},"class_list":["post-43443","page","type-page","status-publish","has-post-thumbnail","hentry"],"acf":[],"yoast_head":"<!-- This site is optimized with the Yoast SEO plugin v27.4 - https:\/\/yoast.com\/product\/yoast-seo-wordpress\/ -->\n<title>Who We Are - Michigan Good Food Fund<\/title>\n<meta name=\"description\" content=\"Meet the lenders, technical experts, visionary lenders, and dedicated support staff \u2014 all committed to food and farm entrepreneur success.\" \/>\n<meta name=\"robots\" content=\"index, follow, max-snippet:-1, max-image-preview:large, max-video-preview:-1\" \/>\n<link rel=\"canonical\" href=\"https:\/\/migoodfoodfund.org\/es\/quienes-somos\/\" \/>\n<meta property=\"og:locale\" content=\"es_MX\" \/>\n<meta property=\"og:type\" content=\"article\" \/>\n<meta property=\"og:title\" content=\"Who We Are - Michigan Good Food Fund\" \/>\n<meta property=\"og:description\" content=\"Meet the lenders, technical experts, visionary lenders, and dedicated support staff \u2014 all committed to food and farm entrepreneur success.\" \/>\n<meta property=\"og:url\" content=\"https:\/\/migoodfoodfund.org\/es\/quienes-somos\/\" \/>\n<meta property=\"og:site_name\" content=\"Michigan Good Food Fund\" \/>\n<meta property=\"article:modified_time\" content=\"2026-01-23T21:39:47+00:00\" \/>\n<meta property=\"og:image\" content=\"https:\/\/migoodfoodfund.org\/wp-content\/uploads\/mgff-feature-image.jpg\" \/>\n\t<meta property=\"og:image:width\" content=\"1393\" \/>\n\t<meta property=\"og:image:height\" content=\"956\" \/>\n\t<meta property=\"og:image:type\" content=\"image\/jpeg\" \/>\n<meta name=\"twitter:card\" content=\"summary_large_image\" \/>\n<meta name=\"twitter:label1\" content=\"Tiempo de lectura\" \/>\n\t<meta name=\"twitter:data1\" content=\"6 minutos\" \/>\n<script type=\"application\/ld+json\" class=\"yoast-schema-graph\">{\"@context\":\"https:\\\/\\\/schema.org\",\"@graph\":[{\"@type\":\"WebPage\",\"@id\":\"https:\\\/\\\/migoodfoodfund.org\\\/who-we-are\\\/\",\"url\":\"https:\\\/\\\/migoodfoodfund.org\\\/who-we-are\\\/\",\"name\":\"Who We Are - Michigan Good Food Fund\",\"isPartOf\":{\"@id\":\"https:\\\/\\\/migoodfoodfund.org\\\/#website\"},\"primaryImageOfPage\":{\"@id\":\"https:\\\/\\\/migoodfoodfund.org\\\/who-we-are\\\/#primaryimage\"},\"image\":{\"@id\":\"https:\\\/\\\/migoodfoodfund.org\\\/who-we-are\\\/#primaryimage\"},\"thumbnailUrl\":\"https:\\\/\\\/migoodfoodfund.org\\\/wp-content\\\/uploads\\\/mgff-feature-image.jpg\",\"datePublished\":\"2024-04-26T13:43:02+00:00\",\"dateModified\":\"2026-01-23T21:39:47+00:00\",\"description\":\"Meet the lenders, technical experts, visionary lenders, and dedicated support staff \u2014 all committed to food and farm entrepreneur success.\",\"breadcrumb\":{\"@id\":\"https:\\\/\\\/migoodfoodfund.org\\\/who-we-are\\\/#breadcrumb\"},\"inLanguage\":\"es-MX\",\"potentialAction\":[{\"@type\":\"ReadAction\",\"target\":[\"https:\\\/\\\/migoodfoodfund.org\\\/who-we-are\\\/\"]}]},{\"@type\":\"ImageObject\",\"inLanguage\":\"es-MX\",\"@id\":\"https:\\\/\\\/migoodfoodfund.org\\\/who-we-are\\\/#primaryimage\",\"url\":\"https:\\\/\\\/migoodfoodfund.org\\\/wp-content\\\/uploads\\\/mgff-feature-image.jpg\",\"contentUrl\":\"https:\\\/\\\/migoodfoodfund.org\\\/wp-content\\\/uploads\\\/mgff-feature-image.jpg\",\"width\":1393,\"height\":956},{\"@type\":\"BreadcrumbList\",\"@id\":\"https:\\\/\\\/migoodfoodfund.org\\\/who-we-are\\\/#breadcrumb\",\"itemListElement\":[{\"@type\":\"ListItem\",\"position\":1,\"name\":\"Home\",\"item\":\"https:\\\/\\\/migoodfoodfund.org\\\/\"},{\"@type\":\"ListItem\",\"position\":2,\"name\":\"Who We Are\"}]},{\"@type\":\"WebSite\",\"@id\":\"https:\\\/\\\/migoodfoodfund.org\\\/#website\",\"url\":\"https:\\\/\\\/migoodfoodfund.org\\\/\",\"name\":\"Michigan Good Food Fund\",\"description\":\"A Lending Network for Michigan\u2019s Farm and Food Entrepreneurs\",\"potentialAction\":[{\"@type\":\"SearchAction\",\"target\":{\"@type\":\"EntryPoint\",\"urlTemplate\":\"https:\\\/\\\/migoodfoodfund.org\\\/?s={search_term_string}\"},\"query-input\":{\"@type\":\"PropertyValueSpecification\",\"valueRequired\":true,\"valueName\":\"search_term_string\"}}],\"inLanguage\":\"es-MX\"}]}<\/script>\n<!-- \/ Yoast SEO plugin. -->","yoast_head_json":{"title":"Qui\u00e9nes somos - Michigan Good Food Fund","description":"Conozca a los prestamistas, los expertos t\u00e9cnicos, los prestamistas visionarios y el personal de apoyo dedicado, todos ellos comprometidos con el \u00e9xito de los empresarios agr\u00edcolas y alimentarios.","robots":{"index":"index","follow":"follow","max-snippet":"max-snippet:-1","max-image-preview":"max-image-preview:large","max-video-preview":"max-video-preview:-1"},"canonical":"https:\/\/migoodfoodfund.org\/es\/quienes-somos\/","og_locale":"es_MX","og_type":"article","og_title":"Who We Are - Michigan Good Food Fund","og_description":"Meet the lenders, technical experts, visionary lenders, and dedicated support staff \u2014 all committed to food and farm entrepreneur success.","og_url":"https:\/\/migoodfoodfund.org\/es\/quienes-somos\/","og_site_name":"Michigan Good Food Fund","article_modified_time":"2026-01-23T21:39:47+00:00","og_image":[{"width":1393,"height":956,"url":"https:\/\/migoodfoodfund.org\/wp-content\/uploads\/mgff-feature-image.jpg","type":"image\/jpeg"}],"twitter_card":"summary_large_image","twitter_misc":{"Tiempo de lectura":"6 minutos"},"schema":{"@context":"https:\/\/schema.org","@graph":[{"@type":"WebPage","@id":"https:\/\/migoodfoodfund.org\/who-we-are\/","url":"https:\/\/migoodfoodfund.org\/who-we-are\/","name":"Qui\u00e9nes somos - Michigan Good Food Fund","isPartOf":{"@id":"https:\/\/migoodfoodfund.org\/#website"},"primaryImageOfPage":{"@id":"https:\/\/migoodfoodfund.org\/who-we-are\/#primaryimage"},"image":{"@id":"https:\/\/migoodfoodfund.org\/who-we-are\/#primaryimage"},"thumbnailUrl":"https:\/\/migoodfoodfund.org\/wp-content\/uploads\/mgff-feature-image.jpg","datePublished":"2024-04-26T13:43:02+00:00","dateModified":"2026-01-23T21:39:47+00:00","description":"Conozca a los prestamistas, los expertos t\u00e9cnicos, los prestamistas visionarios y el personal de apoyo dedicado, todos ellos comprometidos con el \u00e9xito de los empresarios agr\u00edcolas y alimentarios.","breadcrumb":{"@id":"https:\/\/migoodfoodfund.org\/who-we-are\/#breadcrumb"},"inLanguage":"es-MX","potentialAction":[{"@type":"ReadAction","target":["https:\/\/migoodfoodfund.org\/who-we-are\/"]}]},{"@type":"ImageObject","inLanguage":"es-MX","@id":"https:\/\/migoodfoodfund.org\/who-we-are\/#primaryimage","url":"https:\/\/migoodfoodfund.org\/wp-content\/uploads\/mgff-feature-image.jpg","contentUrl":"https:\/\/migoodfoodfund.org\/wp-content\/uploads\/mgff-feature-image.jpg","width":1393,"height":956},{"@type":"BreadcrumbList","@id":"https:\/\/migoodfoodfund.org\/who-we-are\/#breadcrumb","itemListElement":[{"@type":"ListItem","position":1,"name":"Home","item":"https:\/\/migoodfoodfund.org\/"},{"@type":"ListItem","position":2,"name":"Who We Are"}]},{"@type":"WebSite","@id":"https:\/\/migoodfoodfund.org\/#website","url":"https:\/\/migoodfoodfund.org\/","name":"Fondo Michigan Good Food","description":"Una red de pr\u00e9stamos para los empresarios agr\u00edcolas y alimentarios de Michigan","potentialAction":[{"@type":"SearchAction","target":{"@type":"EntryPoint","urlTemplate":"https:\/\/migoodfoodfund.org\/?s={search_term_string}"},"query-input":{"@type":"PropertyValueSpecification","valueRequired":true,"valueName":"search_term_string"}}],"inLanguage":"es-MX"}]}},"ticketed":false,"_links":{"self":[{"href":"https:\/\/migoodfoodfund.org\/es\/wp-json\/wp\/v2\/pages\/43443","targetHints":{"allow":["GET"]}}],"collection":[{"href":"https:\/\/migoodfoodfund.org\/es\/wp-json\/wp\/v2\/pages"}],"about":[{"href":"https:\/\/migoodfoodfund.org\/es\/wp-json\/wp\/v2\/types\/page"}],"author":[{"embeddable":true,"href":"https:\/\/migoodfoodfund.org\/es\/wp-json\/wp\/v2\/users\/2"}],"replies":[{"embeddable":true,"href":"https:\/\/migoodfoodfund.org\/es\/wp-json\/wp\/v2\/comments?post=43443"}],"version-history":[{"count":0,"href":"https:\/\/migoodfoodfund.org\/es\/wp-json\/wp\/v2\/pages\/43443\/revisions"}],"wp:featuredmedia":[{"embeddable":true,"href":"https:\/\/migoodfoodfund.org\/es\/wp-json\/wp\/v2\/media\/43618"}],"wp:attachment":[{"href":"https:\/\/migoodfoodfund.org\/es\/wp-json\/wp\/v2\/media?parent=43443"}],"curies":[{"name":"wp","href":"https:\/\/api.w.org\/{rel}","templated":true}]}}