{"id":43384,"date":"2024-04-25T14:26:37","date_gmt":"2024-04-25T18:26:37","guid":{"rendered":"https:\/\/michigangff.wpenginepowered.com\/?page_id=43384"},"modified":"2024-06-19T09:22:50","modified_gmt":"2024-06-19T13:22:50","slug":"asistencia-empresarial","status":"publish","type":"page","link":"https:\/\/migoodfoodfund.org\/es\/apoyo-a-los-empresarios\/asistencia-empresarial\/","title":{"rendered":"Asistencia a las empresas"},"content":{"rendered":"<img decoding=\"async\" src=\"https:\/\/migoodfoodfund.org\/wp-content\/uploads\/04-1_Business-Assistance.jpg\" alt=\"Dos mujeres est\u00e1n sentadas ante una mesa cubierta de papeles y una bebida. La mujer de la izquierda, con el pelo casta\u00f1o oscuro recogido, est\u00e1 envuelta en un chal a rayas y mira la pantalla de un ordenador port\u00e1til. La mujer de la derecha, con el pelo largo y negro, teclea en el port\u00e1til.\" itemprop=\"image\" title=\"04-1_Asistencia empresarial\" onerror=\"this.style.display='none'\"  \/>\n<h1>\n\t\tPrep\u00e1rese para la financiaci\u00f3n con asistencia empresarial a medida\n\t<\/h1>\n\t<p>Acceda al apoyo de expertos que preparar\u00e1n su empresa para la financiaci\u00f3n y el crecimiento.<\/p>\n\t\t\t<a href=\"#how-it-works\" target=\"_self\" rel=\"noopener\">\n\t\t\t\t\t\t\tComenzar\n\t\t\t\t\t<\/a>\n\t\t\t\t<img decoding=\"async\" src=\"https:\/\/migoodfoodfund.org\/wp-content\/uploads\/apple-line-blue-top.svg\" alt=\"manzana-l\u00ednea-azul-top\" itemprop=\"image\" title=\"manzana-l\u00ednea-azul-top\" onerror=\"this.style.display='none'\"  \/>\n\t\t\t<a href=\"#\" target=\"_self\" rel=\"nofollow noopener\">\n\t\t\t\t\t\t\tEN ESTA P\u00c1GINA\n\t\t\t\t\t<\/a>\n\t\t\t<a href=\"#why\" target=\"_self\" rel=\"noopener\">\n\t\t\t\t\t\t\t\u00bfPor qu\u00e9 nosotros?\n\t\t\t\t\t<\/a>\n\t\t\t<a href=\"#how-it-works\" target=\"_self\" rel=\"noopener\">\n\t\t\t\t\t\t\tC\u00f3mo funciona\n\t\t\t\t\t<\/a>\n\t\t\t<a href=\"#book\" target=\"_self\" rel=\"noopener\">\n\t\t\t\t\t\t\tP\u00f3ngase en contacto\n\t\t\t\t\t<\/a>\n<h2>\n\t\tDise\u00f1ado para responder a sus necesidades\n\t<\/h2>\n\t\t\t\t<img decoding=\"async\" src=\"https:\/\/migoodfoodfund.org\/wp-content\/uploads\/We-Meet-You-Where-You-Are.svg\" alt=\"Quedamos con usted donde est\u00e9\" itemprop=\"image\" title=\"Quedamos con usted donde est\u00e9\" onerror=\"this.style.display='none'\"  \/>\n<h3>\n\t\tAsistencia para el crecimiento de su empresa\n\t<\/h3>\n\t<p>Obtenga acceso a conocimientos expertos en planificaci\u00f3n empresarial, gesti\u00f3n financiera, cumplimiento normativo y mucho m\u00e1s. Cuando se asocia con nosotros, colabora con un equipo dedicado y comprometido con su \u00e9xito. Ofrecemos recursos y apoyo personalizados para cada paso de su viaje de crecimiento.<\/p>\n\t\t\t\t<img decoding=\"async\" src=\"https:\/\/migoodfoodfund.org\/wp-content\/uploads\/Join-Food-Industry-Gatherings.svg\" alt=\"\u00danase a las reuniones de la industria alimentaria\" itemprop=\"image\" title=\"\u00danase a las reuniones de la industria alimentaria\" onerror=\"this.style.display='none'\"  \/>\n<h3>\n\t\t\u00danase a las reuniones de la industria alimentaria\n\t<\/h3>\n\t<p>Explore eventos a medida para empresarios agr\u00edcolas y alimentarios en todas las etapas, con talleres sobre gesti\u00f3n de tiendas de comestibles, comercios minoristas y centros alimentarios, y colaboraciones con iniciativas locales y estatales.<\/p>\n\t\t\t\t<img decoding=\"async\" src=\"https:\/\/migoodfoodfund.org\/wp-content\/uploads\/Our-Business-Referral-Hub.svg\" alt=\"Nuestro Centro de Referencia Empresarial\" itemprop=\"image\" title=\"Nuestro Centro de Referencia Empresarial\" onerror=\"this.style.display='none'\"  \/>\n<h3>\n\t\tNuestro Centro de Referencia Empresarial\n\t<\/h3>\n\t<p>Somos m\u00e1s que una fuente de financiaci\u00f3n: somos socios de crecimiento. Si un pr\u00e9stamo no es lo m\u00e1s adecuado en este momento, estamos aqu\u00ed para ponerle en contacto con las herramientas y los expertos que necesita mientras se prepara para una futura financiaci\u00f3n.<\/p>\n<h2>\n\t\tC\u00f3mo funciona\n\t<\/h2>\n\t\t<nav>\n\t\t\t<ul>\n\t\t\t\t\t\t\t\t<li data-index=\"0\" tabindex=\"0\">\n\t\t\t\t\t<h3>\n\t\t\t\t\t\t<a href=\"javascript:void(0);\" tabindex=\"-1\">Paso 1: Piense en sus objetivos\n\t\t\t\t\t\t\t\t\t\t\t\t<\/a>\n\t\t\t\t\t<\/h3>\n\t\t\t\t<\/li>\n\t\t\t\t\t\t\t\t<li data-index=\"1\" tabindex=\"0\">\n\t\t\t\t\t<h3>\n\t\t\t\t\t\t<a href=\"javascript:void(0);\" tabindex=\"-1\">Paso 2: Enviar una solicitud de reuni\u00f3n \n\t\t\t\t\t\t\t\t\t\t\t\t<\/a>\n\t\t\t\t\t<\/h3>\n\t\t\t\t<\/li>\n\t\t\t\t\t\t\t\t<li data-index=\"2\" tabindex=\"0\">\n\t\t\t\t\t<h3>\n\t\t\t\t\t\t<a href=\"javascript:void(0);\" tabindex=\"-1\">Paso 3: Estrategias para el \u00e9xito\n\t\t\t\t\t\t\t\t\t\t\t\t<\/a>\n\t\t\t\t\t<\/h3>\n\t\t\t\t<\/li>\n\t\t\t\t\t\t\t<\/ul>\n\t\t<\/nav>\n\t\t\t\t\t<p>Eval\u00fae la situaci\u00f3n actual de su empresa agroalimentaria para identificar las necesidades o retos espec\u00edficos a los que se enfrenta, as\u00ed como el tipo de apoyo que busca. Esta informaci\u00f3n nos ayudar\u00e1 a preparar nuestra reuni\u00f3n inicial.<\/p>\n\t\t\t\t\t<p>Rellene nuestro <a href=\"\/es\/apoyo-a-los-empresarios\/aplicar\/#start\">formulario de consulta<\/a> para que podamos concertar una reuni\u00f3n. Comparta los detalles pertinentes para que nuestros expertos puedan comprender mejor el estado actual de su empresa y sus aspiraciones de crecimiento.<\/p>\n\t\t\t\t\t<p>P\u00f3ngase en contacto con un experto del Michigan Good Food Fund para elaborar un plan estrat\u00e9gico personalizado que impulse el crecimiento de su empresa.<\/p>\n\t\t\t\t\t<!-- \/content -->\n\t<!-- \/tabs -->\n\t\t\t\t<img decoding=\"async\" src=\"https:\/\/migoodfoodfund.org\/wp-content\/uploads\/04-2_Book-an-Appointment.jpg\" alt=\"Dos personas est\u00e1n sentadas en una mesa colaborando en un proyecto. Escriben en notas adhesivas y en un cuaderno. Una persona utiliza un ordenador port\u00e1til con teclado rojo. Sobre la mesa hay botellas, un smartphone y otros objetos de papeler\u00eda. La escena se ve desde arriba.\" itemprop=\"image\" title=\"04-2_Book-an-Appointment\" onerror=\"this.style.display='none'\"  \/>\n<h2>\n\t\tP\u00f3ngase en contacto con nuestro equipo\n\t<\/h2>\n\t<p>Rellene un breve formulario y permita que nuestros expertos le ofrezcan el apoyo personalizado que necesita para crecer.<\/p>\n\t\t\t<a href=\"\/es\/apoyo-a-los-empresarios\/aplicar\/#start\" target=\"_self\" rel=\"noopener\">\n\t\t\t\t\t\t\tInicie su consulta\n\t\t\t\t\t<\/a>\n\t<p>EMPRESARIO DESTACADO<\/p>\n<h2>\n\t\tBelinda Beard, EggRollDiva\n\t<\/h2>\n\t<p>\"He adquirido muchos conocimientos sobre la log\u00edstica para gestionar mejor un negocio\".<\/p>\n\t\t\t<a href=\"https:\/\/migoodfoodfund.org\/es\/proyecto\/eggrolldiva\/\" target=\"_self\" rel=\"noopener\">\n\t\t\t\t\t\t\tSeguir leyendo\n\t\t\t\t\t<\/a>\n\t<p>Belinda Beard, de EggrollDiva, en Detroit, Michigan.<\/p>\n<h2>\n\t\tHerramientas y recursos para hacer crecer su negocio\n\t<\/h2>\n\t\t\t\t<img decoding=\"async\" src=\"https:\/\/migoodfoodfund.org\/wp-content\/uploads\/Join-Food-Industry-Gatherings.svg\" alt=\"\u00danase a las reuniones de la industria alimentaria\" itemprop=\"image\" title=\"\u00danase a las reuniones de la industria alimentaria\" onerror=\"this.style.display='none'\"  \/>\n<h3>\n\t\tFormaci\u00f3n y talleres\n\t<\/h3>\n\t<p>Ampl\u00ede sus conocimientos con formaciones dise\u00f1adas espec\u00edficamente para empresas agroalimentarias.<\/p>\n\t\t\t<a href=\"https:\/\/migoodfoodfund.org\/es\/apoyo-a-los-empresarios\/formacion\/\" target=\"_self\" rel=\"noopener\">\n\t\t\t\t\t\t\tInicie su aprendizaje\n\t\t\t\t\t<\/a>\n\t\t\t\t<img decoding=\"async\" src=\"https:\/\/migoodfoodfund.org\/wp-content\/uploads\/icon_ph2.svg\" alt=\"icono_ph2\" itemprop=\"image\" title=\"icono_ph2\" onerror=\"this.style.display='none'\"  \/>\n<h3>\n\t\tRecursos empresariales \n\t<\/h3>\n\t<p>Acceda a recursos a la carta dise\u00f1ados para ayudarle a tener \u00e9xito en cada etapa.<\/p>\n\t\t\t<a href=\"https:\/\/migoodfoodfund.org\/es\/recursos\/\" target=\"_self\" rel=\"noopener\">\n\t\t\t\t\t\t\tExplore lo \u00faltimo\n\t\t\t\t\t<\/a>\n\t\t\t\t<img decoding=\"async\" src=\"https:\/\/migoodfoodfund.org\/wp-content\/uploads\/Stories-of-Innovation-and-Impact.svg\" alt=\"Historias de innovaci\u00f3n e impacto\" itemprop=\"image\" title=\"Historias de innovaci\u00f3n e impacto\" onerror=\"this.style.display='none'\"  \/>\n<h3>\n\t\tHistorias de innovaci\u00f3n e impacto\n\t<\/h3>\n\t<p>Descubra historias inspiradoras de personas de nuestra red de pr\u00e9stamos con las que nos hemos asociado para proporcionar financiaci\u00f3n y asistencia empresarial.<\/p>\n\t\t\t<a href=\"https:\/\/migoodfoodfund.org\/es\/impacto\/\" target=\"_self\" rel=\"noopener\">\n\t\t\t\t\t\t\tM\u00e1s informaci\u00f3n\n\t\t\t\t\t<\/a>","protected":false},"excerpt":{"rendered":"<p>Prep\u00e1rese para la financiaci\u00f3n con asistencia empresarial a medida Obtenga acceso a la ayuda de expertos que preparar\u00e1 a su empresa para la financiaci\u00f3n y el crecimiento. Comience EN ESTA P\u00c1GINA \u00bfPor qu\u00e9 nosotros? C\u00f3mo...<\/p>","protected":false},"author":2,"featured_media":43618,"parent":43381,"menu_order":0,"comment_status":"closed","ping_status":"closed","template":"","meta":{"_acf_changed":false,"inline_featured_image":false,"_price":"","_stock":"","_tribe_ticket_header":"","_tribe_default_ticket_provider":"","_tribe_ticket_capacity":"0","_ticket_start_date":"","_ticket_end_date":"","_tribe_ticket_show_description":"","_tribe_ticket_show_not_going":false,"_tribe_ticket_use_global_stock":"","_tribe_ticket_global_stock_level":"","_global_stock_mode":"","_global_stock_cap":"","_tribe_rsvp_for_event":"","_tribe_ticket_going_count":"","_tribe_ticket_not_going_count":"","_tribe_tickets_list":"[]","_tribe_ticket_has_attendee_info_fields":false,"footnotes":"","_tec_slr_enabled":"","_tec_slr_layout":""},"class_list":["post-43384","page","type-page","status-publish","has-post-thumbnail","hentry"],"acf":[],"yoast_head":"<!-- This site is optimized with the Yoast SEO plugin v27.4 - https:\/\/yoast.com\/product\/yoast-seo-wordpress\/ -->\n<title>Business Assistance - Michigan Good Food Fund<\/title>\n<meta name=\"description\" content=\"Unlock access to expert support that will prepare your business for financing and growth.\" \/>\n<meta name=\"robots\" content=\"index, follow, max-snippet:-1, max-image-preview:large, max-video-preview:-1\" \/>\n<link rel=\"canonical\" href=\"https:\/\/migoodfoodfund.org\/es\/apoyo-a-los-empresarios\/asistencia-empresarial\/\" \/>\n<meta property=\"og:locale\" content=\"es_MX\" \/>\n<meta property=\"og:type\" content=\"article\" \/>\n<meta property=\"og:title\" content=\"Business Assistance - Michigan Good Food Fund\" \/>\n<meta property=\"og:description\" content=\"Unlock access to expert support that will prepare your business for financing and growth.\" \/>\n<meta property=\"og:url\" content=\"https:\/\/migoodfoodfund.org\/es\/apoyo-a-los-empresarios\/asistencia-empresarial\/\" \/>\n<meta property=\"og:site_name\" content=\"Michigan Good Food Fund\" \/>\n<meta property=\"article:modified_time\" content=\"2024-06-19T13:22:50+00:00\" \/>\n<meta property=\"og:image\" content=\"https:\/\/migoodfoodfund.org\/wp-content\/uploads\/mgff-feature-image.jpg\" \/>\n\t<meta property=\"og:image:width\" content=\"1393\" \/>\n\t<meta property=\"og:image:height\" content=\"956\" \/>\n\t<meta property=\"og:image:type\" content=\"image\/jpeg\" \/>\n<meta name=\"twitter:card\" content=\"summary_large_image\" \/>\n<meta name=\"twitter:label1\" content=\"Tiempo de lectura\" \/>\n\t<meta name=\"twitter:data1\" content=\"4 minutos\" \/>\n<script type=\"application\/ld+json\" class=\"yoast-schema-graph\">{\"@context\":\"https:\\\/\\\/schema.org\",\"@graph\":[{\"@type\":\"WebPage\",\"@id\":\"https:\\\/\\\/migoodfoodfund.org\\\/support-for-entrepreneurs\\\/business-assistance\\\/\",\"url\":\"https:\\\/\\\/migoodfoodfund.org\\\/support-for-entrepreneurs\\\/business-assistance\\\/\",\"name\":\"Business Assistance - Michigan Good Food Fund\",\"isPartOf\":{\"@id\":\"https:\\\/\\\/migoodfoodfund.org\\\/#website\"},\"primaryImageOfPage\":{\"@id\":\"https:\\\/\\\/migoodfoodfund.org\\\/support-for-entrepreneurs\\\/business-assistance\\\/#primaryimage\"},\"image\":{\"@id\":\"https:\\\/\\\/migoodfoodfund.org\\\/support-for-entrepreneurs\\\/business-assistance\\\/#primaryimage\"},\"thumbnailUrl\":\"https:\\\/\\\/migoodfoodfund.org\\\/wp-content\\\/uploads\\\/mgff-feature-image.jpg\",\"datePublished\":\"2024-04-25T18:26:37+00:00\",\"dateModified\":\"2024-06-19T13:22:50+00:00\",\"description\":\"Unlock access to expert support that will prepare your business for financing and growth.\",\"breadcrumb\":{\"@id\":\"https:\\\/\\\/migoodfoodfund.org\\\/support-for-entrepreneurs\\\/business-assistance\\\/#breadcrumb\"},\"inLanguage\":\"es-MX\",\"potentialAction\":[{\"@type\":\"ReadAction\",\"target\":[\"https:\\\/\\\/migoodfoodfund.org\\\/support-for-entrepreneurs\\\/business-assistance\\\/\"]}]},{\"@type\":\"ImageObject\",\"inLanguage\":\"es-MX\",\"@id\":\"https:\\\/\\\/migoodfoodfund.org\\\/support-for-entrepreneurs\\\/business-assistance\\\/#primaryimage\",\"url\":\"https:\\\/\\\/migoodfoodfund.org\\\/wp-content\\\/uploads\\\/mgff-feature-image.jpg\",\"contentUrl\":\"https:\\\/\\\/migoodfoodfund.org\\\/wp-content\\\/uploads\\\/mgff-feature-image.jpg\",\"width\":1393,\"height\":956},{\"@type\":\"BreadcrumbList\",\"@id\":\"https:\\\/\\\/migoodfoodfund.org\\\/support-for-entrepreneurs\\\/business-assistance\\\/#breadcrumb\",\"itemListElement\":[{\"@type\":\"ListItem\",\"position\":1,\"name\":\"Home\",\"item\":\"https:\\\/\\\/migoodfoodfund.org\\\/\"},{\"@type\":\"ListItem\",\"position\":2,\"name\":\"Support For Entrepreneurs\",\"item\":\"https:\\\/\\\/migoodfoodfund.org\\\/support-for-entrepreneurs\\\/\"},{\"@type\":\"ListItem\",\"position\":3,\"name\":\"Business Assistance\"}]},{\"@type\":\"WebSite\",\"@id\":\"https:\\\/\\\/migoodfoodfund.org\\\/#website\",\"url\":\"https:\\\/\\\/migoodfoodfund.org\\\/\",\"name\":\"Michigan Good Food Fund\",\"description\":\"A Lending Network for Michigan\u2019s Farm and Food Entrepreneurs\",\"potentialAction\":[{\"@type\":\"SearchAction\",\"target\":{\"@type\":\"EntryPoint\",\"urlTemplate\":\"https:\\\/\\\/migoodfoodfund.org\\\/?s={search_term_string}\"},\"query-input\":{\"@type\":\"PropertyValueSpecification\",\"valueRequired\":true,\"valueName\":\"search_term_string\"}}],\"inLanguage\":\"es-MX\"}]}<\/script>\n<!-- \/ Yoast SEO plugin. -->","yoast_head_json":{"title":"Ayuda a las empresas - Fondo Michigan Good Food","description":"Acceda al apoyo de expertos que preparar\u00e1n su empresa para la financiaci\u00f3n y el crecimiento.","robots":{"index":"index","follow":"follow","max-snippet":"max-snippet:-1","max-image-preview":"max-image-preview:large","max-video-preview":"max-video-preview:-1"},"canonical":"https:\/\/migoodfoodfund.org\/es\/apoyo-a-los-empresarios\/asistencia-empresarial\/","og_locale":"es_MX","og_type":"article","og_title":"Business Assistance - Michigan Good Food Fund","og_description":"Unlock access to expert support that will prepare your business for financing and growth.","og_url":"https:\/\/migoodfoodfund.org\/es\/apoyo-a-los-empresarios\/asistencia-empresarial\/","og_site_name":"Michigan Good Food Fund","article_modified_time":"2024-06-19T13:22:50+00:00","og_image":[{"width":1393,"height":956,"url":"https:\/\/migoodfoodfund.org\/wp-content\/uploads\/mgff-feature-image.jpg","type":"image\/jpeg"}],"twitter_card":"summary_large_image","twitter_misc":{"Tiempo de lectura":"4 minutos"},"schema":{"@context":"https:\/\/schema.org","@graph":[{"@type":"WebPage","@id":"https:\/\/migoodfoodfund.org\/support-for-entrepreneurs\/business-assistance\/","url":"https:\/\/migoodfoodfund.org\/support-for-entrepreneurs\/business-assistance\/","name":"Ayuda a las empresas - Fondo Michigan Good Food","isPartOf":{"@id":"https:\/\/migoodfoodfund.org\/#website"},"primaryImageOfPage":{"@id":"https:\/\/migoodfoodfund.org\/support-for-entrepreneurs\/business-assistance\/#primaryimage"},"image":{"@id":"https:\/\/migoodfoodfund.org\/support-for-entrepreneurs\/business-assistance\/#primaryimage"},"thumbnailUrl":"https:\/\/migoodfoodfund.org\/wp-content\/uploads\/mgff-feature-image.jpg","datePublished":"2024-04-25T18:26:37+00:00","dateModified":"2024-06-19T13:22:50+00:00","description":"Acceda al apoyo de expertos que preparar\u00e1n su empresa para la financiaci\u00f3n y el crecimiento.","breadcrumb":{"@id":"https:\/\/migoodfoodfund.org\/support-for-entrepreneurs\/business-assistance\/#breadcrumb"},"inLanguage":"es-MX","potentialAction":[{"@type":"ReadAction","target":["https:\/\/migoodfoodfund.org\/support-for-entrepreneurs\/business-assistance\/"]}]},{"@type":"ImageObject","inLanguage":"es-MX","@id":"https:\/\/migoodfoodfund.org\/support-for-entrepreneurs\/business-assistance\/#primaryimage","url":"https:\/\/migoodfoodfund.org\/wp-content\/uploads\/mgff-feature-image.jpg","contentUrl":"https:\/\/migoodfoodfund.org\/wp-content\/uploads\/mgff-feature-image.jpg","width":1393,"height":956},{"@type":"BreadcrumbList","@id":"https:\/\/migoodfoodfund.org\/support-for-entrepreneurs\/business-assistance\/#breadcrumb","itemListElement":[{"@type":"ListItem","position":1,"name":"Home","item":"https:\/\/migoodfoodfund.org\/"},{"@type":"ListItem","position":2,"name":"Support For Entrepreneurs","item":"https:\/\/migoodfoodfund.org\/support-for-entrepreneurs\/"},{"@type":"ListItem","position":3,"name":"Business Assistance"}]},{"@type":"WebSite","@id":"https:\/\/migoodfoodfund.org\/#website","url":"https:\/\/migoodfoodfund.org\/","name":"Fondo Michigan Good Food","description":"Una red de pr\u00e9stamos para los empresarios agr\u00edcolas y alimentarios de Michigan","potentialAction":[{"@type":"SearchAction","target":{"@type":"EntryPoint","urlTemplate":"https:\/\/migoodfoodfund.org\/?s={search_term_string}"},"query-input":{"@type":"PropertyValueSpecification","valueRequired":true,"valueName":"search_term_string"}}],"inLanguage":"es-MX"}]}},"ticketed":false,"_links":{"self":[{"href":"https:\/\/migoodfoodfund.org\/es\/wp-json\/wp\/v2\/pages\/43384","targetHints":{"allow":["GET"]}}],"collection":[{"href":"https:\/\/migoodfoodfund.org\/es\/wp-json\/wp\/v2\/pages"}],"about":[{"href":"https:\/\/migoodfoodfund.org\/es\/wp-json\/wp\/v2\/types\/page"}],"author":[{"embeddable":true,"href":"https:\/\/migoodfoodfund.org\/es\/wp-json\/wp\/v2\/users\/2"}],"replies":[{"embeddable":true,"href":"https:\/\/migoodfoodfund.org\/es\/wp-json\/wp\/v2\/comments?post=43384"}],"version-history":[{"count":0,"href":"https:\/\/migoodfoodfund.org\/es\/wp-json\/wp\/v2\/pages\/43384\/revisions"}],"up":[{"embeddable":true,"href":"https:\/\/migoodfoodfund.org\/es\/wp-json\/wp\/v2\/pages\/43381"}],"wp:featuredmedia":[{"embeddable":true,"href":"https:\/\/migoodfoodfund.org\/es\/wp-json\/wp\/v2\/media\/43618"}],"wp:attachment":[{"href":"https:\/\/migoodfoodfund.org\/es\/wp-json\/wp\/v2\/media?parent=43384"}],"curies":[{"name":"wp","href":"https:\/\/api.w.org\/{rel}","templated":true}]}}